{"id":8946,"date":"2015-12-02T10:17:13","date_gmt":"2015-12-02T07:17:13","guid":{"rendered":"http:\/\/mall.cmsmasters.net\/?page_id=8946"},"modified":"2023-08-01T08:56:20","modified_gmt":"2023-08-01T05:56:20","slug":"zimmer","status":"publish","type":"page","link":"https:\/\/ephesusretreat.com.tr\/de\/zimmer\/","title":{"rendered":"Zimmer"},"content":{"rendered":"<p style=\"text-align: center;\">Zimmer<\/p>\n<p style=\"text-align: center;\">IN DER RUHE LIEGT DIE KRAFT\n<\/p>\n<p>Auf einem H\u00fcgel, umgeben von alten B\u00e4umen und Oliven Heinen beherbergen wir insgesamt 18 Zimmer und k\u00f6nnen heute bis zu 45 Personen beherbergen. Alle Zimmer versprechen ein Eintauchen in die Natur!<\/p>\n<p>Das Ambiente in den Zimmern sind in einer feinen Abstimmung zwischen modern und gem\u00fctlich und bietet gleichzeitig eine 100% nat\u00fcrliche Umgebung!<\/p>\n<p>Die Zimmeroptionen variieren von Baumhauszimmer, Bungalow, Deluxe Doppelzimmer, Standard Doppelzimmer oder Einzelzimmer.<\/p>\n<p>Ephesus Retreat ist nicht geeignet f\u00fcr Personen mit k\u00f6rperlichen Einschr\u00e4nkungen.<\/p>\n<p>\t\t\t\t\t\t\t\t\t\t\t\t\t\t\t<img decoding=\"async\" width=\"1024\" height=\"768\" src=\"https:\/\/ephesusretreat.com.tr\/de\/wp-content\/uploads\/2017\/05\/SINCAP-1-1024x768.png\" alt=\"\" loading=\"lazy\" srcset=\"https:\/\/ephesusretreat.com.tr\/de\/wp-content\/uploads\/2017\/05\/SINCAP-1-1024x768.png 1024w, https:\/\/ephesusretreat.com.tr\/de\/wp-content\/uploads\/2017\/05\/SINCAP-1-300x225.png 300w, https:\/\/ephesusretreat.com.tr\/de\/wp-content\/uploads\/2017\/05\/SINCAP-1-768x576.png 768w, https:\/\/ephesusretreat.com.tr\/de\/wp-content\/uploads\/2017\/05\/SINCAP-1-1536x1152.png 1536w, https:\/\/ephesusretreat.com.tr\/de\/wp-content\/uploads\/2017\/05\/SINCAP-1-2048x1536.png 2048w, https:\/\/ephesusretreat.com.tr\/de\/wp-content\/uploads\/2017\/05\/SINCAP-1-580x435.png 580w, https:\/\/ephesusretreat.com.tr\/de\/wp-content\/uploads\/2017\/05\/SINCAP-1-860x645.png 860w, https:\/\/ephesusretreat.com.tr\/de\/wp-content\/uploads\/2017\/05\/SINCAP-1-1160x870.png 1160w\" sizes=\"auto, (max-width: 1024px) 100vw, 1024px\" \/><br \/>\n\t\t\t<a href=\"https:\/\/ephesusretreat.com.tr\/de\/room\/sincap\/\" role=\"button\"><br \/>\n\t\t\t\t\t\tSINCAP<br \/>\n\t\t\t\t\t<\/a><br \/>\n\t\t\t\t\t\t\t\t\t\t\t\t\t\t\t<img decoding=\"async\" width=\"1024\" height=\"768\" src=\"https:\/\/ephesusretreat.com.tr\/de\/wp-content\/uploads\/2022\/10\/Kirpi-Medium.png\" alt=\"\" loading=\"lazy\" srcset=\"https:\/\/ephesusretreat.com.tr\/de\/wp-content\/uploads\/2022\/10\/Kirpi-Medium.png 1024w, https:\/\/ephesusretreat.com.tr\/de\/wp-content\/uploads\/2022\/10\/Kirpi-Medium-300x225.png 300w, https:\/\/ephesusretreat.com.tr\/de\/wp-content\/uploads\/2022\/10\/Kirpi-Medium-768x576.png 768w, https:\/\/ephesusretreat.com.tr\/de\/wp-content\/uploads\/2022\/10\/Kirpi-Medium-580x435.png 580w, https:\/\/ephesusretreat.com.tr\/de\/wp-content\/uploads\/2022\/10\/Kirpi-Medium-860x645.png 860w\" sizes=\"auto, (max-width: 1024px) 100vw, 1024px\" \/><br \/>\n\t\t\t<a href=\"https:\/\/ephesusretreat.com.tr\/de\/room\/kirpi\" role=\"button\"><br \/>\n\t\t\t\t\t\tK\u0130RP\u0130<br \/>\n\t\t\t\t\t<\/a><br \/>\n\t\t\t\t\t\t\t\t\t\t\t\t\t\t\t<img decoding=\"async\" width=\"1024\" height=\"759\" src=\"https:\/\/ephesusretreat.com.tr\/de\/wp-content\/uploads\/2022\/10\/TAVS\u0327AN-5-Medium-1024x759.png\" alt=\"\" loading=\"lazy\" srcset=\"https:\/\/ephesusretreat.com.tr\/de\/wp-content\/uploads\/2022\/10\/TAVS\u0327AN-5-Medium-1024x759.png 1024w, https:\/\/ephesusretreat.com.tr\/de\/wp-content\/uploads\/2022\/10\/TAVS\u0327AN-5-Medium-300x222.png 300w, https:\/\/ephesusretreat.com.tr\/de\/wp-content\/uploads\/2022\/10\/TAVS\u0327AN-5-Medium-768x569.png 768w, https:\/\/ephesusretreat.com.tr\/de\/wp-content\/uploads\/2022\/10\/TAVS\u0327AN-5-Medium-580x430.png 580w, https:\/\/ephesusretreat.com.tr\/de\/wp-content\/uploads\/2022\/10\/TAVS\u0327AN-5-Medium-860x638.png 860w, https:\/\/ephesusretreat.com.tr\/de\/wp-content\/uploads\/2022\/10\/TAVS\u0327AN-5-Medium.png 1036w\" sizes=\"auto, (max-width: 1024px) 100vw, 1024px\" \/><br \/>\n\t\t\t<a href=\"https:\/\/ephesusretreat.com.tr\/de\/room\/tavsan\/\" role=\"button\"><br \/>\n\t\t\t\t\t\tTAV\u015eAN<br \/>\n\t\t\t\t\t<\/a><br \/>\n\t\t\t\t\t\t\t\t\t\t\t\t\t\t\t<img decoding=\"async\" width=\"1024\" height=\"768\" src=\"https:\/\/ephesusretreat.com.tr\/de\/wp-content\/uploads\/2022\/04\/Salyangoz-1024x768.jpg\" alt=\"\" loading=\"lazy\" srcset=\"https:\/\/ephesusretreat.com.tr\/de\/wp-content\/uploads\/2022\/04\/Salyangoz-1024x768.jpg 1024w, https:\/\/ephesusretreat.com.tr\/de\/wp-content\/uploads\/2022\/04\/Salyangoz-300x225.jpg 300w, https:\/\/ephesusretreat.com.tr\/de\/wp-content\/uploads\/2022\/04\/Salyangoz-768x576.jpg 768w, https:\/\/ephesusretreat.com.tr\/de\/wp-content\/uploads\/2022\/04\/Salyangoz-1536x1152.jpg 1536w, https:\/\/ephesusretreat.com.tr\/de\/wp-content\/uploads\/2022\/04\/Salyangoz-2048x1536.jpg 2048w, https:\/\/ephesusretreat.com.tr\/de\/wp-content\/uploads\/2022\/04\/Salyangoz-580x435.jpg 580w, https:\/\/ephesusretreat.com.tr\/de\/wp-content\/uploads\/2022\/04\/Salyangoz-860x645.jpg 860w, https:\/\/ephesusretreat.com.tr\/de\/wp-content\/uploads\/2022\/04\/Salyangoz-1160x870.jpg 1160w\" sizes=\"auto, (max-width: 1024px) 100vw, 1024px\" \/><br \/>\n\t\t\t<a href=\"https:\/\/ephesusretreat.com.tr\/de\/room\/salyangoz\/\" role=\"button\"><br \/>\n\t\t\t\t\t\tSALYANGOZ<br \/>\n\t\t\t\t\t<\/a><br \/>\n\t\t\t\t\t\t\t\t\t\t\t\t\t\t\t<img decoding=\"async\" width=\"1024\" height=\"768\" src=\"https:\/\/ephesusretreat.com.tr\/de\/wp-content\/uploads\/2022\/04\/Puhu-1024x768.jpg\" alt=\"\" loading=\"lazy\" srcset=\"https:\/\/ephesusretreat.com.tr\/de\/wp-content\/uploads\/2022\/04\/Puhu-1024x768.jpg 1024w, https:\/\/ephesusretreat.com.tr\/de\/wp-content\/uploads\/2022\/04\/Puhu-300x225.jpg 300w, https:\/\/ephesusretreat.com.tr\/de\/wp-content\/uploads\/2022\/04\/Puhu-768x576.jpg 768w, https:\/\/ephesusretreat.com.tr\/de\/wp-content\/uploads\/2022\/04\/Puhu-1536x1152.jpg 1536w, https:\/\/ephesusretreat.com.tr\/de\/wp-content\/uploads\/2022\/04\/Puhu-2048x1536.jpg 2048w, https:\/\/ephesusretreat.com.tr\/de\/wp-content\/uploads\/2022\/04\/Puhu-580x435.jpg 580w, https:\/\/ephesusretreat.com.tr\/de\/wp-content\/uploads\/2022\/04\/Puhu-860x645.jpg 860w, https:\/\/ephesusretreat.com.tr\/de\/wp-content\/uploads\/2022\/04\/Puhu-1160x870.jpg 1160w\" sizes=\"auto, (max-width: 1024px) 100vw, 1024px\" \/><br \/>\n\t\t\t<a href=\"https:\/\/ephesusretreat.com.tr\/de\/room\/puhu\" role=\"button\"><br \/>\n\t\t\t\t\t\tPUHU<br \/>\n\t\t\t\t\t<\/a><br \/>\n\t\t\t\t\t\t\t\t\t\t\t\t\t\t\t<img decoding=\"async\" width=\"1024\" height=\"768\" src=\"https:\/\/ephesusretreat.com.tr\/de\/wp-content\/uploads\/2022\/10\/LeylekPNG-Medium.png\" alt=\"\" loading=\"lazy\" srcset=\"https:\/\/ephesusretreat.com.tr\/de\/wp-content\/uploads\/2022\/10\/LeylekPNG-Medium.png 1024w, https:\/\/ephesusretreat.com.tr\/de\/wp-content\/uploads\/2022\/10\/LeylekPNG-Medium-300x225.png 300w, https:\/\/ephesusretreat.com.tr\/de\/wp-content\/uploads\/2022\/10\/LeylekPNG-Medium-768x576.png 768w, https:\/\/ephesusretreat.com.tr\/de\/wp-content\/uploads\/2022\/10\/LeylekPNG-Medium-580x435.png 580w, https:\/\/ephesusretreat.com.tr\/de\/wp-content\/uploads\/2022\/10\/LeylekPNG-Medium-860x645.png 860w\" sizes=\"auto, (max-width: 1024px) 100vw, 1024px\" \/><br \/>\n\t\t\t<a href=\"https:\/\/ephesusretreat.com.tr\/de\/room\/leylek\" role=\"button\"><br \/>\n\t\t\t\t\t\tLEYLEK<br \/>\n\t\t\t\t\t<\/a><br \/>\n\t\t\t\t\t\t\t\t\t\t\t\t\t\t\t<img decoding=\"async\" width=\"1024\" height=\"768\" src=\"https:\/\/ephesusretreat.com.tr\/de\/wp-content\/uploads\/2022\/10\/Tilki-Medium.png\" alt=\"\" loading=\"lazy\" srcset=\"https:\/\/ephesusretreat.com.tr\/de\/wp-content\/uploads\/2022\/10\/Tilki-Medium.png 1024w, https:\/\/ephesusretreat.com.tr\/de\/wp-content\/uploads\/2022\/10\/Tilki-Medium-300x225.png 300w, https:\/\/ephesusretreat.com.tr\/de\/wp-content\/uploads\/2022\/10\/Tilki-Medium-768x576.png 768w, https:\/\/ephesusretreat.com.tr\/de\/wp-content\/uploads\/2022\/10\/Tilki-Medium-580x435.png 580w, https:\/\/ephesusretreat.com.tr\/de\/wp-content\/uploads\/2022\/10\/Tilki-Medium-860x645.png 860w\" sizes=\"auto, (max-width: 1024px) 100vw, 1024px\" \/><br \/>\n\t\t\t<a href=\"https:\/\/ephesusretreat.com.tr\/de\/room\/tilki\" role=\"button\"><br \/>\n\t\t\t\t\t\tT\u0130LK\u0130<br \/>\n\t\t\t\t\t<\/a><br \/>\n\t\t\t\t\t\t\t\t\t\t\t\t\t\t\t<img decoding=\"async\" width=\"1024\" height=\"768\" src=\"https:\/\/ephesusretreat.com.tr\/de\/wp-content\/uploads\/2022\/04\/WhatsApp-Gorsel-2023-03-06-saat-16.57.132.jpg\" alt=\"\" loading=\"lazy\" srcset=\"https:\/\/ephesusretreat.com.tr\/de\/wp-content\/uploads\/2022\/04\/WhatsApp-Gorsel-2023-03-06-saat-16.57.132.jpg 1024w, https:\/\/ephesusretreat.com.tr\/de\/wp-content\/uploads\/2022\/04\/WhatsApp-Gorsel-2023-03-06-saat-16.57.132-300x225.jpg 300w, https:\/\/ephesusretreat.com.tr\/de\/wp-content\/uploads\/2022\/04\/WhatsApp-Gorsel-2023-03-06-saat-16.57.132-768x576.jpg 768w, https:\/\/ephesusretreat.com.tr\/de\/wp-content\/uploads\/2022\/04\/WhatsApp-Gorsel-2023-03-06-saat-16.57.132-580x435.jpg 580w, https:\/\/ephesusretreat.com.tr\/de\/wp-content\/uploads\/2022\/04\/WhatsApp-Gorsel-2023-03-06-saat-16.57.132-860x645.jpg 860w\" sizes=\"auto, (max-width: 1024px) 100vw, 1024px\" \/><br \/>\n\t\t\t<a href=\"https:\/\/ephesusretreat.com.tr\/de\/room\/lavanta\" role=\"button\"><br \/>\n\t\t\t\t\t\tLAVANTA<br \/>\n\t\t\t\t\t<\/a><br \/>\n\t\t\t\t\t\t\t\t\t\t\t\t\t\t\t<img decoding=\"async\" width=\"580\" height=\"420\" src=\"https:\/\/ephesusretreat.com.tr\/de\/wp-content\/uploads\/2022\/10\/po13-new-2-Medium-580x420.png\" alt=\"\" loading=\"lazy\" \/><br \/>\n\t\t\t<a href=\"https:\/\/ephesusretreat.com.tr\/de\/room\/kozalak\" role=\"button\"><br \/>\n\t\t\t\t\t\tKOZALAK<br \/>\n\t\t\t\t\t<\/a><br \/>\n\t\t\t\t\t\t\t\t\t\t\t\t\t\t\t<img decoding=\"async\" width=\"1024\" height=\"768\" src=\"https:\/\/ephesusretreat.com.tr\/de\/wp-content\/uploads\/2022\/04\/WhatsApp-Gorsel-2023-03-06-saat-16.57.13.jpg\" alt=\"\" loading=\"lazy\" srcset=\"https:\/\/ephesusretreat.com.tr\/de\/wp-content\/uploads\/2022\/04\/WhatsApp-Gorsel-2023-03-06-saat-16.57.13.jpg 1024w, https:\/\/ephesusretreat.com.tr\/de\/wp-content\/uploads\/2022\/04\/WhatsApp-Gorsel-2023-03-06-saat-16.57.13-300x225.jpg 300w, https:\/\/ephesusretreat.com.tr\/de\/wp-content\/uploads\/2022\/04\/WhatsApp-Gorsel-2023-03-06-saat-16.57.13-768x576.jpg 768w, https:\/\/ephesusretreat.com.tr\/de\/wp-content\/uploads\/2022\/04\/WhatsApp-Gorsel-2023-03-06-saat-16.57.13-580x435.jpg 580w, https:\/\/ephesusretreat.com.tr\/de\/wp-content\/uploads\/2022\/04\/WhatsApp-Gorsel-2023-03-06-saat-16.57.13-860x645.jpg 860w\" sizes=\"auto, (max-width: 1024px) 100vw, 1024px\" \/><br \/>\n\t\t\t<a href=\"https:\/\/ephesusretreat.com.tr\/de\/room\/papatya\" role=\"button\"><br \/>\n\t\t\t\t\t\tPAPATYA<br \/>\n\t\t\t\t\t<\/a><br \/>\n\t\t\t\t\t\t\t\t\t\t\t\t\t\t\t<img decoding=\"async\" width=\"1024\" height=\"683\" src=\"https:\/\/ephesusretreat.com.tr\/de\/wp-content\/uploads\/2022\/10\/KIRLANGIC-2-Medium-1024x683.png\" alt=\"\" loading=\"lazy\" srcset=\"https:\/\/ephesusretreat.com.tr\/de\/wp-content\/uploads\/2022\/10\/KIRLANGIC-2-Medium-1024x683.png 1024w, https:\/\/ephesusretreat.com.tr\/de\/wp-content\/uploads\/2022\/10\/KIRLANGIC-2-Medium-300x200.png 300w, https:\/\/ephesusretreat.com.tr\/de\/wp-content\/uploads\/2022\/10\/KIRLANGIC-2-Medium-768x512.png 768w, https:\/\/ephesusretreat.com.tr\/de\/wp-content\/uploads\/2022\/10\/KIRLANGIC-2-Medium-391x260.png 391w, https:\/\/ephesusretreat.com.tr\/de\/wp-content\/uploads\/2022\/10\/KIRLANGIC-2-Medium-580x387.png 580w, https:\/\/ephesusretreat.com.tr\/de\/wp-content\/uploads\/2022\/10\/KIRLANGIC-2-Medium-860x573.png 860w, https:\/\/ephesusretreat.com.tr\/de\/wp-content\/uploads\/2022\/10\/KIRLANGIC-2-Medium.png 1152w\" sizes=\"auto, (max-width: 1024px) 100vw, 1024px\" \/><br \/>\n\t\t\t<a href=\"https:\/\/ephesusretreat.com.tr\/de\/room\/kirlangic\" role=\"button\"><br \/>\n\t\t\t\t\t\tKIRLANGI\u00c7<br \/>\n\t\t\t\t\t<\/a><br \/>\n\t\t\t\t\t\t\t\t\t\t\t\t\t\t\t<img decoding=\"async\" width=\"1024\" height=\"768\" src=\"https:\/\/ephesusretreat.com.tr\/de\/wp-content\/uploads\/2022\/04\/Papatya-2-1-1024x768.png\" alt=\"\" loading=\"lazy\" srcset=\"https:\/\/ephesusretreat.com.tr\/de\/wp-content\/uploads\/2022\/04\/Papatya-2-1-1024x768.png 1024w, https:\/\/ephesusretreat.com.tr\/de\/wp-content\/uploads\/2022\/04\/Papatya-2-1-300x225.png 300w, https:\/\/ephesusretreat.com.tr\/de\/wp-content\/uploads\/2022\/04\/Papatya-2-1-768x576.png 768w, https:\/\/ephesusretreat.com.tr\/de\/wp-content\/uploads\/2022\/04\/Papatya-2-1-1536x1152.png 1536w, https:\/\/ephesusretreat.com.tr\/de\/wp-content\/uploads\/2022\/04\/Papatya-2-1-2048x1536.png 2048w, https:\/\/ephesusretreat.com.tr\/de\/wp-content\/uploads\/2022\/04\/Papatya-2-1-580x435.png 580w, https:\/\/ephesusretreat.com.tr\/de\/wp-content\/uploads\/2022\/04\/Papatya-2-1-860x645.png 860w, https:\/\/ephesusretreat.com.tr\/de\/wp-content\/uploads\/2022\/04\/Papatya-2-1-1160x870.png 1160w\" sizes=\"auto, (max-width: 1024px) 100vw, 1024px\" \/><br \/>\n\t\t\t<a href=\"https:\/\/ephesusretreat.com.tr\/de\/room\/lotus\" role=\"button\"><br \/>\n\t\t\t\t\t\tLOTUS<br \/>\n\t\t\t\t\t<\/a><br \/>\n\t\t\t\t\t\t\t\t\t\t\t\t\t\t\t<img decoding=\"async\" width=\"1024\" height=\"768\" src=\"https:\/\/ephesusretreat.com.tr\/de\/wp-content\/uploads\/2022\/10\/ARDIC\u0327-KUS\u0327U-1-Medium.png\" alt=\"\" loading=\"lazy\" srcset=\"https:\/\/ephesusretreat.com.tr\/de\/wp-content\/uploads\/2022\/10\/ARDIC\u0327-KUS\u0327U-1-Medium.png 1024w, https:\/\/ephesusretreat.com.tr\/de\/wp-content\/uploads\/2022\/10\/ARDIC\u0327-KUS\u0327U-1-Medium-300x225.png 300w, https:\/\/ephesusretreat.com.tr\/de\/wp-content\/uploads\/2022\/10\/ARDIC\u0327-KUS\u0327U-1-Medium-768x576.png 768w, https:\/\/ephesusretreat.com.tr\/de\/wp-content\/uploads\/2022\/10\/ARDIC\u0327-KUS\u0327U-1-Medium-580x435.png 580w, https:\/\/ephesusretreat.com.tr\/de\/wp-content\/uploads\/2022\/10\/ARDIC\u0327-KUS\u0327U-1-Medium-860x645.png 860w\" sizes=\"auto, (max-width: 1024px) 100vw, 1024px\" \/><br \/>\n\t\t\t<a href=\"https:\/\/ephesusretreat.com.tr\/de\/room\/ardic-kusu\/\" role=\"button\"><br \/>\n\t\t\t\t\t\tARDI\u00c7 KU\u015eU<br \/>\n\t\t\t\t\t<\/a><br \/>\n\t\t\t\t\t\t\t\t\t\t\t\t\t\t\t<img decoding=\"async\" width=\"580\" height=\"420\" src=\"https:\/\/ephesusretreat.com.tr\/de\/wp-content\/uploads\/2022\/10\/Zeytin-p03-Medium-580x420.png\" alt=\"\" loading=\"lazy\" \/><br \/>\n\t\t\t<a href=\"https:\/\/ephesusretreat.com.tr\/de\/room\/zeytin\" role=\"button\"><br \/>\n\t\t\t\t\t\tZEYT\u0130N<br \/>\n\t\t\t\t\t<\/a><br \/>\n\t\t\t\t\t\t\t\t\t\t\t\t\t\t\t<img decoding=\"async\" width=\"768\" height=\"744\" src=\"https:\/\/ephesusretreat.com.tr\/de\/wp-content\/uploads\/2022\/10\/MOR-SALKIM-Medium-e1666334497407.png\" alt=\"\" loading=\"lazy\" srcset=\"https:\/\/ephesusretreat.com.tr\/de\/wp-content\/uploads\/2022\/10\/MOR-SALKIM-Medium-e1666334497407.png 768w, https:\/\/ephesusretreat.com.tr\/de\/wp-content\/uploads\/2022\/10\/MOR-SALKIM-Medium-e1666334497407-300x291.png 300w, https:\/\/ephesusretreat.com.tr\/de\/wp-content\/uploads\/2022\/10\/MOR-SALKIM-Medium-e1666334497407-580x562.png 580w\" sizes=\"auto, (max-width: 768px) 100vw, 768px\" \/><br \/>\n\t\t\t<a href=\"https:\/\/ephesusretreat.com.tr\/de\/room\/mor-salkim\" role=\"button\"><br \/>\n\t\t\t\t\t\tMOR SALKIM<br \/>\n\t\t\t\t\t<\/a><br \/>\n\t\t\t\t\t\t\t\t\t\t\t\t\t\t\t<img decoding=\"async\" width=\"1024\" height=\"768\" src=\"https:\/\/ephesusretreat.com.tr\/de\/wp-content\/uploads\/2022\/10\/ANEMON-Medium.png\" alt=\"\" loading=\"lazy\" srcset=\"https:\/\/ephesusretreat.com.tr\/de\/wp-content\/uploads\/2022\/10\/ANEMON-Medium.png 1024w, https:\/\/ephesusretreat.com.tr\/de\/wp-content\/uploads\/2022\/10\/ANEMON-Medium-300x225.png 300w, https:\/\/ephesusretreat.com.tr\/de\/wp-content\/uploads\/2022\/10\/ANEMON-Medium-768x576.png 768w, https:\/\/ephesusretreat.com.tr\/de\/wp-content\/uploads\/2022\/10\/ANEMON-Medium-580x435.png 580w, https:\/\/ephesusretreat.com.tr\/de\/wp-content\/uploads\/2022\/10\/ANEMON-Medium-860x645.png 860w\" sizes=\"auto, (max-width: 1024px) 100vw, 1024px\" \/><br \/>\n\t\t\t<a href=\"https:\/\/ephesusretreat.com.tr\/de\/room\/anemon\" role=\"button\"><br \/>\n\t\t\t\t\t\tANEMON<br \/>\n\t\t\t\t\t<\/a><br \/>\n\t\t\t\t\t\t\t\t\t\t\t\t\t\t\t<img decoding=\"async\" width=\"580\" height=\"420\" src=\"https:\/\/ephesusretreat.com.tr\/de\/wp-content\/uploads\/2022\/09\/DEFNE-2-Medium-580x420.png\" alt=\"\" loading=\"lazy\" \/><br \/>\n\t\t\t<a href=\"https:\/\/ephesusretreat.com.tr\/de\/room\/defne\" role=\"button\"><br \/>\n\t\t\t\t\t\tDEFNE<br \/>\n\t\t\t\t\t<\/a><br \/>\n\t\t\t\t\t\t\t\t\t\t\t\t\t\t\t<img decoding=\"async\" width=\"580\" height=\"420\" src=\"https:\/\/ephesusretreat.com.tr\/de\/wp-content\/uploads\/2022\/10\/SINCAP-2-Medium-580x420.png\" alt=\"\" loading=\"lazy\" \/><br \/>\n\t\t\t<a href=\"https:\/\/ephesusretreat.com.tr\/de\/room\/sincap\" role=\"button\"><br \/>\n\t\t\t\t\t\tS\u0130NCAP<br \/>\n\t\t\t\t\t<\/a><\/p>\n","protected":false},"excerpt":{"rendered":"<p>Zimmer IN DER RUHE LIEGT DIE KRAFT Auf einem H\u00fcgel, umgeben von alten B\u00e4umen und Oliven Heinen beherbergen wir insgesamt 18 Zimmer und k\u00f6nnen heute bis zu 45 Personen beherbergen. Alle Zimmer versprechen ein Eintauchen in die Natur! Das Ambiente in den Zimmern sind in einer feinen Abstimmung zwischen modern und gem\u00fctlich und bietet gleichzeitig&#8230;<\/p>\n","protected":false},"author":1,"featured_media":0,"parent":0,"menu_order":0,"comment_status":"closed","ping_status":"closed","template":"","meta":{"footnotes":""},"class_list":["post-8946","page","type-page","status-publish","hentry"],"_links":{"self":[{"href":"https:\/\/ephesusretreat.com.tr\/de\/wp-json\/wp\/v2\/pages\/8946","targetHints":{"allow":["GET"]}}],"collection":[{"href":"https:\/\/ephesusretreat.com.tr\/de\/wp-json\/wp\/v2\/pages"}],"about":[{"href":"https:\/\/ephesusretreat.com.tr\/de\/wp-json\/wp\/v2\/types\/page"}],"author":[{"embeddable":true,"href":"https:\/\/ephesusretreat.com.tr\/de\/wp-json\/wp\/v2\/users\/1"}],"replies":[{"embeddable":true,"href":"https:\/\/ephesusretreat.com.tr\/de\/wp-json\/wp\/v2\/comments?post=8946"}],"version-history":[{"count":8,"href":"https:\/\/ephesusretreat.com.tr\/de\/wp-json\/wp\/v2\/pages\/8946\/revisions"}],"predecessor-version":[{"id":18112,"href":"https:\/\/ephesusretreat.com.tr\/de\/wp-json\/wp\/v2\/pages\/8946\/revisions\/18112"}],"wp:attachment":[{"href":"https:\/\/ephesusretreat.com.tr\/de\/wp-json\/wp\/v2\/media?parent=8946"}],"curies":[{"name":"wp","href":"https:\/\/api.w.org\/{rel}","templated":true}]}}