{"id":7366,"date":"2015-11-18T08:37:53","date_gmt":"2015-11-18T05:37:53","guid":{"rendered":"http:\/\/interior-design.cmsmasters.net\/?page_id=7366"},"modified":"2023-02-27T15:11:30","modified_gmt":"2023-02-27T12:11:30","slug":"retreat","status":"publish","type":"page","link":"https:\/\/ephesusretreat.com.tr\/de\/","title":{"rendered":"Retreat"},"content":{"rendered":"<p>[rev_slider alias=&#8221;Homepage-Slider&#8221; slidertitle=&#8221;Homepage Slider&#8221;][\/rev_slider]<\/p>\n<p style=\"text-align: center;\">Willkommen\n<\/p>\n<h2 style=\"text-align: center;\" contenteditable=\"true\" data-elementor-setting-key=\"title\" data-pen-placeholder=\"Type Here...\">WUNDERSCH\u00d6NES HOTEL IM HERZEN VON EPHESUS, T\u00dcRKEI.<br \/>\n\u200b<\/h2>\n<p style=\"text-align: center;\">Ephesus Retreat liegt an der t\u00fcrkischen \u00c4g\u00e4isk\u00fcste und ist eingebettet in die herrliche Landschaft der alten Ephesus-H\u00fcgel. Es ist ein Ort der Inspiration und Transformation. Hier findet Ihr Entspannung, Kreativit\u00e4t, Wohlbefinden und k\u00f6nnt Euer h\u00f6chstes Potenzial erreichen und aussch\u00f6pfen. Die Magie des Ortes wird Euch Kraft geben. Sie l\u00e4dt Euch ein, die hier entstehende Inspiration mit allen Fasern Eures K\u00f6rpers aufzusaugen, um bei der Abreise mit neu gewonnenem Elan Eure Welt St\u00fcck f\u00fcr St\u00fcck zu ver\u00e4ndern. Unser Zentrum liegt wundervoll an den H\u00e4ngen 400 Meter \u00fcber Ephesus und bietet einen atemberaubenden Panoramablick auf die \u00c4g\u00e4isregion und unterst\u00fctzt euch in der Selbstreflexion. Willkommen im Ephesus Retreat und geniest Euren Besuch hier!<\/p>\n<p style=\"text-align: center;\">Veranstaltungen<\/p>\n<h2 style=\"text-align: center;\">WAS L\u00c4UFT<br \/>\n<\/h2>\n<p style=\"text-align: center;\"><a href=\"https:\/\/ephesusretreat.com.tr\/de\/veranstaltungen\/\"><strong>MEHR VERANSTALTUNGEN<br \/>\n<\/strong><\/a><\/p>\n<p>[MEC id=&#8221;17218&#8243;]<\/p>\n<p style=\"text-align: center;\">Zimmer<\/p>\n<h2 style=\"text-align: center;\">F\u00dcHLE DICH ZU HAUSE<\/h2>\n<p style=\"text-align: center;\">[cmsmasters_posts_slider shortcode_id=&#8221;7299fbac30&#8243; orderby=&#8221;date&#8221; order=&#8221;ASC&#8221; post_type=&#8221;project&#8221; portfolio_categories=&#8221;room&#8221; columns=&#8221;1&#8243; count=&#8221;8&#8243; pause=&#8221;5&#8243; portfolio_metadata=&#8221;title,excerpt,subtitle&#8221; animation_delay=&#8221;0&#8243;]<\/p>\n<p style=\"text-align: center;\"><a href=\"https:\/\/ephesusretreat.com.tr\/de\/zimmer\/\"><strong>ERFAHRE MEHR \u00dcBER DIE ZIMMER<br \/>\n<\/strong><\/a><\/p>\n<p style=\"text-align: center;\">K\u00fcche<\/p>\n<h2 style=\"text-align: center;\">AUS DER \u00c4G\u00c4ISCHEN K\u00dcCHE<br \/>\n<\/h2>\n<p>Die Speisen und Getr\u00e4nke im Restaurant und an der Bar sind sorgf\u00e4ltig ausgesucht Eure Energie anzuregen und die Basis f\u00fcr Gesundheit zu legen. Eure Sinne und Wohlbefinden werden stimuliert und die mediterranen K\u00fcche macht den Aufenthalt im Retreat auch kulinarisch unvergesslich.<\/p>\n<p>Inspiriert von der traditionellen mediterranen K\u00fcche, kombinieren wir lokalen Fisch, Fleisch und Milchprodukte mit saisonalem und lokalem Obst, Gem\u00fcse, \u00e4g\u00e4ische Kr\u00e4uter und Oliven\u00f6l zu einer Symphonie der Sinne.<\/p>\n<p>Wir achten auf nachhaltigen Anbau und daher stammen alle Erzeugnisse aus eigenem Anbau, von lokalen Anbietern oder aus der Region.<\/p>\n<p>Unsere K\u00fcche bietet vegane, vegetarische und traditionelle t\u00fcrkische Gerichte an. Gerne passen wir die Men\u00fcs an individuelle Bed\u00fcrfnisse wie Allergien und spezielle Di\u00e4ten an.<\/p>\n<p>\t\t\t\t\t\t\t\t\t\t\t\t\t\t\t<img decoding=\"async\" width=\"1024\" height=\"683\" src=\"https:\/\/ephesusretreat.com.tr\/de\/wp-content\/uploads\/2022\/04\/shutterstock_143490874_Traditional-Greek-food-on-the-shop-bench-in-Santorini_0-1024x683.jpg\" alt=\"\" loading=\"lazy\" srcset=\"https:\/\/ephesusretreat.com.tr\/de\/wp-content\/uploads\/2022\/04\/shutterstock_143490874_Traditional-Greek-food-on-the-shop-bench-in-Santorini_0-1024x683.jpg 1024w, https:\/\/ephesusretreat.com.tr\/de\/wp-content\/uploads\/2022\/04\/shutterstock_143490874_Traditional-Greek-food-on-the-shop-bench-in-Santorini_0-300x200.jpg 300w, https:\/\/ephesusretreat.com.tr\/de\/wp-content\/uploads\/2022\/04\/shutterstock_143490874_Traditional-Greek-food-on-the-shop-bench-in-Santorini_0-768x512.jpg 768w, https:\/\/ephesusretreat.com.tr\/de\/wp-content\/uploads\/2022\/04\/shutterstock_143490874_Traditional-Greek-food-on-the-shop-bench-in-Santorini_0-1536x1024.jpg 1536w, https:\/\/ephesusretreat.com.tr\/de\/wp-content\/uploads\/2022\/04\/shutterstock_143490874_Traditional-Greek-food-on-the-shop-bench-in-Santorini_0-580x387.jpg 580w, https:\/\/ephesusretreat.com.tr\/de\/wp-content\/uploads\/2022\/04\/shutterstock_143490874_Traditional-Greek-food-on-the-shop-bench-in-Santorini_0-860x573.jpg 860w, https:\/\/ephesusretreat.com.tr\/de\/wp-content\/uploads\/2022\/04\/shutterstock_143490874_Traditional-Greek-food-on-the-shop-bench-in-Santorini_0-1160x773.jpg 1160w, https:\/\/ephesusretreat.com.tr\/de\/wp-content\/uploads\/2022\/04\/shutterstock_143490874_Traditional-Greek-food-on-the-shop-bench-in-Santorini_0-1320x880.jpg 1320w, https:\/\/ephesusretreat.com.tr\/de\/wp-content\/uploads\/2022\/04\/shutterstock_143490874_Traditional-Greek-food-on-the-shop-bench-in-Santorini_0.jpg 1920w\" sizes=\"auto, (max-width: 1024px) 100vw, 1024px\" \/>\t\t\t\t\t\t\t\t\t\t\t\t\t\t\t<\/p>\n<p style=\"text-align: center;\">Heritage<\/p>\n<h2 style=\"text-align: center;\">WO WIR SIND<\/h2>\n<p>F\u00fcnf nat\u00fcrlichen Seen, grossfl\u00e4chige Waldgebiete, fruchtbare Felder und ausgedehnte Weinberge geben dieser Region einen g\u00f6ttlichen Anstrich und bildet den idealen Rahmen f\u00fcr Ruhe und Erholung.<\/p>\n<p>Ephesus Retreat liegt in Mitten der Geschichte und dem Erbe verschiedener Kulturen. Die Region Sel\u00e7uk ist f\u00fcr die antike Stadt Ephesus bekannt, wo auch die die antike G\u00f6ttin Artemis verehrt (beeinflusst von der anatolischen G\u00f6ttin Kybele) worden ist.<\/p>\n<p>Derselbe Ort diente den Christen als Wallfahrtsort und sie besuchen immer noch das Haus der Jungfrau Maria, um zu beten und Segen zu empfangen. Geschichten besagen, dass sie dort ihre letzten Tagen verbracht haben soll und gestorben ist.<\/p>\n<p>Seit Tausenden von Jahren werden Suchende und K\u00fcnstler an diesen Ort gerufen, um Weisheit und Wissen, Mysterien, Gemeinschaftsleben und Inspiration zu finden und der Energie der Vorfahren und Geschichten zu begegnen, die bis in unsere Tage lebendig vibrieren!<\/p>\n<figure><img decoding=\"async\" src=\"https:\/\/ephesusretreat.com.tr\/de\/wp-content\/uploads\/2022\/04\/97751626be.jpg\" alt=\"97751626be\" \/><\/figure>\n<figure><img decoding=\"async\" src=\"https:\/\/ephesusretreat.com.tr\/de\/wp-content\/uploads\/2022\/04\/180229fdb5.jpg\" alt=\"180229fdb5\" \/><\/figure>\n<figure><img decoding=\"async\" src=\"https:\/\/ephesusretreat.com.tr\/de\/wp-content\/uploads\/2022\/04\/20812f95bd.jpg\" alt=\"20812f95bd\" \/><\/figure>\n<figure><img decoding=\"async\" src=\"https:\/\/ephesusretreat.com.tr\/de\/wp-content\/uploads\/2022\/04\/3d42e21647.jpg\" alt=\"3d42e21647\" \/><\/figure>\n<p>\t\t\t\t\t\t\t\t\t\t\t\tPrevious<br \/>\n\t\t\t\t\t\t\t\t\t\t\t\tNext<\/p>\n<p style=\"text-align: center;\">Testimonials<\/p>\n<h2 style=\"text-align: center;\">WAS IHR SAGT<\/h2>\n<p>\t\t\t\t\t\t\tNach 3 Tagen in dieser herrlichen Natur kann ich es jedem w\u00e4rmstens empfehlen.<br \/>\n\t\t\t\t\t\t\t<img decoding=\"async\" width=\"150\" height=\"140\" src=\"https:\/\/ephesusretreat.com.tr\/de\/wp-content\/uploads\/2022\/04\/logo_retina-150x140.png\" alt=\"\" loading=\"lazy\" \/><br \/>\n\t\t\t\t\t\t\t\t\t\t\t\t\t\tAynur Rzayev<br \/>\n\t\t\t\t\t\t\t\t\t\t\t\t\t\t\t\t\t\t\t\t\t\tFAMILIENARZT<br \/>\n\t\t\t\t\t\t\tAlles perfekt, Sauberkeit, Personal, besondere Erw\u00e4hnung an den Koch!<br \/>\n\t\t\t\t\t\t\t<img decoding=\"async\" width=\"150\" height=\"140\" src=\"https:\/\/ephesusretreat.com.tr\/de\/wp-content\/uploads\/2022\/04\/logo_retina-150x140.png\" alt=\"\" loading=\"lazy\" \/><br \/>\n\t\t\t\t\t\t\t\t\t\t\t\t\t\tElnara Almaz<br \/>\n\t\t\t\t\t\t\t\t\t\t\t\t\t\t\t\t\t\t\t\t\t\tDERMOTOLOGE<br \/>\n\t\t\t\t\t\t\tEs ist ein grossartiger Ort f\u00fcr alle, die sich zur\u00fcckziehen oder Yoga praktizieren m\u00f6chten, usw. und mit der Natur im Einklang sein m\u00f6chten.<br \/>\n\t\t\t\t\t\t\t<img decoding=\"async\" width=\"150\" height=\"140\" src=\"https:\/\/ephesusretreat.com.tr\/de\/wp-content\/uploads\/2022\/04\/logo_retina-150x140.png\" alt=\"\" loading=\"lazy\" \/><br \/>\n\t\t\t\t\t\t\t\t\t\t\t\t\t\tG\u00fclfidan Aydo\u011fmu\u015f<br \/>\n\t\t\t\t\t\t\t\t\t\t\t\t\t\t\t\t\t\t\t\t\t\tMANDALA K\u00dcNSTLER<\/p>\n","protected":false},"excerpt":{"rendered":"<p>[rev_slider alias=&#8221;Homepage-Slider&#8221; slidertitle=&#8221;Homepage Slider&#8221;][\/rev_slider] Willkommen WUNDERSCH\u00d6NES HOTEL IM HERZEN VON EPHESUS, T\u00dcRKEI. \u200b Ephesus Retreat liegt an der t\u00fcrkischen \u00c4g\u00e4isk\u00fcste und ist eingebettet in die herrliche Landschaft der alten Ephesus-H\u00fcgel. Es ist ein Ort der Inspiration und Transformation. Hier findet Ihr Entspannung, Kreativit\u00e4t, Wohlbefinden und k\u00f6nnt Euer h\u00f6chstes Potenzial erreichen und aussch\u00f6pfen. Die Magie des&#8230;<\/p>\n","protected":false},"author":1,"featured_media":0,"parent":0,"menu_order":0,"comment_status":"closed","ping_status":"closed","template":"","meta":{"footnotes":""},"class_list":["post-7366","page","type-page","status-publish","hentry"],"_links":{"self":[{"href":"https:\/\/ephesusretreat.com.tr\/de\/wp-json\/wp\/v2\/pages\/7366","targetHints":{"allow":["GET"]}}],"collection":[{"href":"https:\/\/ephesusretreat.com.tr\/de\/wp-json\/wp\/v2\/pages"}],"about":[{"href":"https:\/\/ephesusretreat.com.tr\/de\/wp-json\/wp\/v2\/types\/page"}],"author":[{"embeddable":true,"href":"https:\/\/ephesusretreat.com.tr\/de\/wp-json\/wp\/v2\/users\/1"}],"replies":[{"embeddable":true,"href":"https:\/\/ephesusretreat.com.tr\/de\/wp-json\/wp\/v2\/comments?post=7366"}],"version-history":[{"count":5,"href":"https:\/\/ephesusretreat.com.tr\/de\/wp-json\/wp\/v2\/pages\/7366\/revisions"}],"predecessor-version":[{"id":18086,"href":"https:\/\/ephesusretreat.com.tr\/de\/wp-json\/wp\/v2\/pages\/7366\/revisions\/18086"}],"wp:attachment":[{"href":"https:\/\/ephesusretreat.com.tr\/de\/wp-json\/wp\/v2\/media?parent=7366"}],"curies":[{"name":"wp","href":"https:\/\/api.w.org\/{rel}","templated":true}]}}