{"id":529,"date":"2015-04-20T11:50:56","date_gmt":"2015-04-20T08:50:56","guid":{"rendered":"http:\/\/welfare.cmsmasters.net\/?page_id=529"},"modified":"2023-08-01T08:57:16","modified_gmt":"2023-08-01T05:57:16","slug":"anlage","status":"publish","type":"page","link":"https:\/\/ephesusretreat.com.tr\/de\/anlage\/","title":{"rendered":"Anlage"},"content":{"rendered":"<p>\u00a0<\/p>\n<p>[cmsmasters_heading shortcode_id=&#8221;b653e4155b&#8221; type=&#8221;h3&#8243; font_family=&#8221;Herr+Von+Muellerhoff&#8221; font_size=&#8221;108&#8243; line_height=&#8221;125&#8243; font_weight=&#8221;default&#8221; font_style=&#8221;normal&#8221; text_align=&#8221;center&#8221; color=&#8221;rgba(11,12,15,0.2)&#8221; margin_top=&#8221;0&#8243; margin_bottom=&#8221;0&#8243; animation_delay=&#8221;0&#8243;]Unsere Geschichte[\/cmsmasters_heading][cmsmasters_heading shortcode_id=&#8221;e6df6c9045&#8243; type=&#8221;h2&#8243; font_size=&#8221;60&#8243; line_height=&#8221;80&#8243; font_weight=&#8221;default&#8221; font_style=&#8221;default&#8221; text_align=&#8221;center&#8221; margin_top=&#8221;-72&#8243; margin_bottom=&#8221;0&#8243; animation_delay=&#8221;0&#8243;]Die Magie des Seins[\/cmsmasters_heading][cmsmasters_text shortcode_id=&#8221;tgwfpns9tq&#8221; animation_delay=&#8221;0&#8243;]<\/p>\n<p>F\u00fcnf nat\u00fcrlichen Seen, grossfl\u00e4chige Waldgebiete, fruchtbare Felder und ausgedehnte Weinberge geben dieser Region einen g\u00f6ttlichen Anstrich und bildet den idealen Rahmen f\u00fcr Ruhe und Erholung.<\/p>\n<p>Ephesus Retreat liegt in Mitten der Geschichte und dem Erbe verschiedener Kulturen. Die Region Sel\u00e7uk ist f\u00fcr die antike Stadt Ephesus bekannt, wo auch die die antike G\u00f6ttin Artemis verehrt (beeinflusst von der anatolischen G\u00f6ttin Kybele) worden ist.<\/p>\n<p>Derselbe Ort diente den Christen als Wallfahrtsort und sie besuchen immer noch das Haus der Jungfrau Maria, um zu beten und Segen zu empfangen. Geschichten besagen, dass sie dort ihre letzten Tagen verbracht haben soll und gestorben ist.<\/p>\n<p>Seit Tausenden von Jahren werden Suchende und K\u00fcnstler an diesen Ort gerufen, um Weisheit und Wissen, Mysterien, Gemeinschaftsleben und Inspiration zu finden und der Energie der Vorfahren und Geschichten zu begegnen, die bis in unsere Tage lebendig vibrieren!<\/p>\n<p>Ephesus Retreat ist nicht geeignet f\u00fcr Personen mit k\u00f6rperlichen Einschr\u00e4nkungen.<\/p>\n<figure class='gallery-item'>\n\t\t\t\t<a data-elementor-open-lightbox=\"yes\" data-elementor-lightbox-slideshow=\"326bc04\" data-elementor-lightbox-title=\"DJI_0035 copy\" data-e-action-hash=\"#elementor-action%3Aaction%3Dlightbox%26settings%3DeyJpZCI6MTczNDAsInVybCI6Imh0dHBzOlwvXC9lcGhlc3VzcmV0cmVhdC5jb20udHJcL2RlXC93cC1jb250ZW50XC91cGxvYWRzXC8yMDIyXC8wN1wvREpJXzAwMzUtY29weS0xLXNjYWxlZC5qcGciLCJzbGlkZXNob3ciOiIzMjZiYzA0In0%3D\" href='https:\/\/ephesusretreat.com.tr\/de\/wp-content\/uploads\/2022\/07\/DJI_0035-copy-1-scaled.jpg'><img width=\"300\" height=\"300\" src=\"https:\/\/ephesusretreat.com.tr\/de\/wp-content\/uploads\/2022\/07\/DJI_0035-copy-1-300x300.jpg\" alt=\"\" decoding=\"async\" loading=\"lazy\" srcset=\"https:\/\/ephesusretreat.com.tr\/de\/wp-content\/uploads\/2022\/07\/DJI_0035-copy-1-300x300.jpg 300w, https:\/\/ephesusretreat.com.tr\/de\/wp-content\/uploads\/2022\/07\/DJI_0035-copy-1-150x150.jpg 150w, https:\/\/ephesusretreat.com.tr\/de\/wp-content\/uploads\/2022\/07\/DJI_0035-copy-1-64x64.jpg 64w\" sizes=\"auto, (max-width: 300px) 100vw, 300px\" \/><\/a><br \/>\n\t\t\t<\/figure>\n<figure class='gallery-item'>\n\t\t\t\t<a data-elementor-open-lightbox=\"yes\" data-elementor-lightbox-slideshow=\"326bc04\" data-elementor-lightbox-title=\"lightX 17\" data-e-action-hash=\"#elementor-action%3Aaction%3Dlightbox%26settings%3DeyJpZCI6MTcxMTQsInVybCI6Imh0dHBzOlwvXC9lcGhlc3VzcmV0cmVhdC5jb20udHJcL2RlXC93cC1jb250ZW50XC91cGxvYWRzXC8yMDIyXC8wNFwvbGlnaHRYLTE3LnBuZyIsInNsaWRlc2hvdyI6IjMyNmJjMDQifQ%3D%3D\" href='https:\/\/ephesusretreat.com.tr\/de\/wp-content\/uploads\/2022\/04\/lightX-17.png'><img width=\"300\" height=\"300\" src=\"https:\/\/ephesusretreat.com.tr\/de\/wp-content\/uploads\/2022\/04\/lightX-17-300x300.png\" alt=\"\" decoding=\"async\" loading=\"lazy\" srcset=\"https:\/\/ephesusretreat.com.tr\/de\/wp-content\/uploads\/2022\/04\/lightX-17-300x300.png 300w, https:\/\/ephesusretreat.com.tr\/de\/wp-content\/uploads\/2022\/04\/lightX-17-150x150.png 150w, https:\/\/ephesusretreat.com.tr\/de\/wp-content\/uploads\/2022\/04\/lightX-17-64x64.png 64w\" sizes=\"auto, (max-width: 300px) 100vw, 300px\" \/><\/a><br \/>\n\t\t\t<\/figure>\n<figure class='gallery-item'>\n\t\t\t\t<a data-elementor-open-lightbox=\"yes\" data-elementor-lightbox-slideshow=\"326bc04\" data-elementor-lightbox-title=\"DJI_0033 copy\" data-e-action-hash=\"#elementor-action%3Aaction%3Dlightbox%26settings%3DeyJpZCI6MTczNDEsInVybCI6Imh0dHBzOlwvXC9lcGhlc3VzcmV0cmVhdC5jb20udHJcL2RlXC93cC1jb250ZW50XC91cGxvYWRzXC8yMDIyXC8wN1wvREpJXzAwMzMtY29weS1zY2FsZWQuanBnIiwic2xpZGVzaG93IjoiMzI2YmMwNCJ9\" href='https:\/\/ephesusretreat.com.tr\/de\/wp-content\/uploads\/2022\/07\/DJI_0033-copy-scaled.jpg'><img width=\"300\" height=\"300\" src=\"https:\/\/ephesusretreat.com.tr\/de\/wp-content\/uploads\/2022\/07\/DJI_0033-copy-300x300.jpg\" alt=\"\" decoding=\"async\" loading=\"lazy\" srcset=\"https:\/\/ephesusretreat.com.tr\/de\/wp-content\/uploads\/2022\/07\/DJI_0033-copy-300x300.jpg 300w, https:\/\/ephesusretreat.com.tr\/de\/wp-content\/uploads\/2022\/07\/DJI_0033-copy-150x150.jpg 150w, https:\/\/ephesusretreat.com.tr\/de\/wp-content\/uploads\/2022\/07\/DJI_0033-copy-64x64.jpg 64w\" sizes=\"auto, (max-width: 300px) 100vw, 300px\" \/><\/a><br \/>\n\t\t\t<\/figure>\n<figure class='gallery-item'>\n\t\t\t\t<a data-elementor-open-lightbox=\"yes\" data-elementor-lightbox-slideshow=\"326bc04\" data-elementor-lightbox-title=\"Newsletter JPEG CISA0011\" data-e-action-hash=\"#elementor-action%3Aaction%3Dlightbox%26settings%3DeyJpZCI6MTc1MzAsInVybCI6Imh0dHBzOlwvXC9lcGhlc3VzcmV0cmVhdC5jb20udHJcL2RlXC93cC1jb250ZW50XC91cGxvYWRzXC8yMDIyXC8wOVwvTmV3c2xldHRlci1KUEVHLUNJU0EwMDExLmpwZyIsInNsaWRlc2hvdyI6IjMyNmJjMDQifQ%3D%3D\" href='https:\/\/ephesusretreat.com.tr\/de\/wp-content\/uploads\/2022\/09\/Newsletter-JPEG-CISA0011.jpg'><img width=\"300\" height=\"300\" src=\"https:\/\/ephesusretreat.com.tr\/de\/wp-content\/uploads\/2022\/09\/Newsletter-JPEG-CISA0011-300x300.jpg\" alt=\"\" decoding=\"async\" loading=\"lazy\" srcset=\"https:\/\/ephesusretreat.com.tr\/de\/wp-content\/uploads\/2022\/09\/Newsletter-JPEG-CISA0011-300x300.jpg 300w, https:\/\/ephesusretreat.com.tr\/de\/wp-content\/uploads\/2022\/09\/Newsletter-JPEG-CISA0011-150x150.jpg 150w, https:\/\/ephesusretreat.com.tr\/de\/wp-content\/uploads\/2022\/09\/Newsletter-JPEG-CISA0011-64x64.jpg 64w\" sizes=\"auto, (max-width: 300px) 100vw, 300px\" \/><\/a><br \/>\n\t\t\t<\/figure>\n<figure class='gallery-item'>\n\t\t\t\t<a data-elementor-open-lightbox=\"yes\" data-elementor-lightbox-slideshow=\"326bc04\" data-elementor-lightbox-title=\"DJI_0048 copy\" data-e-action-hash=\"#elementor-action%3Aaction%3Dlightbox%26settings%3DeyJpZCI6MTczNDIsInVybCI6Imh0dHBzOlwvXC9lcGhlc3VzcmV0cmVhdC5jb20udHJcL2RlXC93cC1jb250ZW50XC91cGxvYWRzXC8yMDIyXC8wN1wvREpJXzAwNDgtY29weS0xLXNjYWxlZC5qcGciLCJzbGlkZXNob3ciOiIzMjZiYzA0In0%3D\" href='https:\/\/ephesusretreat.com.tr\/de\/wp-content\/uploads\/2022\/07\/DJI_0048-copy-1-scaled.jpg'><img width=\"300\" height=\"300\" src=\"https:\/\/ephesusretreat.com.tr\/de\/wp-content\/uploads\/2022\/07\/DJI_0048-copy-1-300x300.jpg\" alt=\"\" decoding=\"async\" loading=\"lazy\" srcset=\"https:\/\/ephesusretreat.com.tr\/de\/wp-content\/uploads\/2022\/07\/DJI_0048-copy-1-300x300.jpg 300w, https:\/\/ephesusretreat.com.tr\/de\/wp-content\/uploads\/2022\/07\/DJI_0048-copy-1-150x150.jpg 150w, https:\/\/ephesusretreat.com.tr\/de\/wp-content\/uploads\/2022\/07\/DJI_0048-copy-1-64x64.jpg 64w\" sizes=\"auto, (max-width: 300px) 100vw, 300px\" \/><\/a><br \/>\n\t\t\t<\/figure>\n<figure class='gallery-item'>\n\t\t\t\t<a data-elementor-open-lightbox=\"yes\" data-elementor-lightbox-slideshow=\"326bc04\" data-elementor-lightbox-title=\"Papatya 3\" data-e-action-hash=\"#elementor-action%3Aaction%3Dlightbox%26settings%3DeyJpZCI6MTcyOTMsInVybCI6Imh0dHBzOlwvXC9lcGhlc3VzcmV0cmVhdC5jb20udHJcL2RlXC93cC1jb250ZW50XC91cGxvYWRzXC8yMDIyXC8wNFwvUGFwYXR5YS0zLnBuZyIsInNsaWRlc2hvdyI6IjMyNmJjMDQifQ%3D%3D\" href='https:\/\/ephesusretreat.com.tr\/de\/wp-content\/uploads\/2022\/04\/Papatya-3.png'><img width=\"300\" height=\"300\" src=\"https:\/\/ephesusretreat.com.tr\/de\/wp-content\/uploads\/2022\/04\/Papatya-3-300x300.png\" alt=\"\" decoding=\"async\" loading=\"lazy\" srcset=\"https:\/\/ephesusretreat.com.tr\/de\/wp-content\/uploads\/2022\/04\/Papatya-3-300x300.png 300w, https:\/\/ephesusretreat.com.tr\/de\/wp-content\/uploads\/2022\/04\/Papatya-3-150x150.png 150w, https:\/\/ephesusretreat.com.tr\/de\/wp-content\/uploads\/2022\/04\/Papatya-3-64x64.png 64w\" sizes=\"auto, (max-width: 300px) 100vw, 300px\" \/><\/a><br \/>\n\t\t\t<\/figure>\n<figure class='gallery-item'>\n\t\t\t\t<a data-elementor-open-lightbox=\"yes\" data-elementor-lightbox-slideshow=\"326bc04\" data-elementor-lightbox-title=\"S\u0130NCAP 2\" data-e-action-hash=\"#elementor-action%3Aaction%3Dlightbox%26settings%3DeyJpZCI6MTcyODQsInVybCI6Imh0dHBzOlwvXC9lcGhlc3VzcmV0cmVhdC5jb20udHJcL2RlXC93cC1jb250ZW50XC91cGxvYWRzXC8yMDE3XC8wNVwvU0lOQ0FQLTIucG5nIiwic2xpZGVzaG93IjoiMzI2YmMwNCJ9\" href='https:\/\/ephesusretreat.com.tr\/de\/wp-content\/uploads\/2017\/05\/SINCAP-2.png'><img width=\"300\" height=\"300\" src=\"https:\/\/ephesusretreat.com.tr\/de\/wp-content\/uploads\/2017\/05\/SINCAP-2-300x300.png\" alt=\"\" decoding=\"async\" loading=\"lazy\" srcset=\"https:\/\/ephesusretreat.com.tr\/de\/wp-content\/uploads\/2017\/05\/SINCAP-2-300x300.png 300w, https:\/\/ephesusretreat.com.tr\/de\/wp-content\/uploads\/2017\/05\/SINCAP-2-150x150.png 150w, https:\/\/ephesusretreat.com.tr\/de\/wp-content\/uploads\/2017\/05\/SINCAP-2-64x64.png 64w\" sizes=\"auto, (max-width: 300px) 100vw, 300px\" \/><\/a><br \/>\n\t\t\t<\/figure>\n<figure class='gallery-item'>\n\t\t\t\t<a data-elementor-open-lightbox=\"yes\" data-elementor-lightbox-slideshow=\"326bc04\" data-elementor-lightbox-title=\"S\u0130NCAP 3\" data-e-action-hash=\"#elementor-action%3Aaction%3Dlightbox%26settings%3DeyJpZCI6MTcyODMsInVybCI6Imh0dHBzOlwvXC9lcGhlc3VzcmV0cmVhdC5jb20udHJcL2RlXC93cC1jb250ZW50XC91cGxvYWRzXC8yMDE3XC8wNVwvU0lOQ0FQLTMtMS5wbmciLCJzbGlkZXNob3ciOiIzMjZiYzA0In0%3D\" href='https:\/\/ephesusretreat.com.tr\/de\/wp-content\/uploads\/2017\/05\/SINCAP-3-1.png'><img width=\"300\" height=\"300\" src=\"https:\/\/ephesusretreat.com.tr\/de\/wp-content\/uploads\/2017\/05\/SINCAP-3-1-300x300.png\" alt=\"\" decoding=\"async\" loading=\"lazy\" srcset=\"https:\/\/ephesusretreat.com.tr\/de\/wp-content\/uploads\/2017\/05\/SINCAP-3-1-300x300.png 300w, https:\/\/ephesusretreat.com.tr\/de\/wp-content\/uploads\/2017\/05\/SINCAP-3-1-150x150.png 150w, https:\/\/ephesusretreat.com.tr\/de\/wp-content\/uploads\/2017\/05\/SINCAP-3-1-64x64.png 64w\" sizes=\"auto, (max-width: 300px) 100vw, 300px\" \/><\/a><br \/>\n\t\t\t<\/figure>\n<figure class='gallery-item'>\n\t\t\t\t<a data-elementor-open-lightbox=\"yes\" data-elementor-lightbox-slideshow=\"326bc04\" data-elementor-lightbox-title=\"IMG_5872\" data-e-action-hash=\"#elementor-action%3Aaction%3Dlightbox%26settings%3DeyJpZCI6MTcyNzQsInVybCI6Imh0dHBzOlwvXC9lcGhlc3VzcmV0cmVhdC5jb20udHJcL2RlXC93cC1jb250ZW50XC91cGxvYWRzXC8yMDIyXC8wNFwvSU1HXzU4NzIucG5nIiwic2xpZGVzaG93IjoiMzI2YmMwNCJ9\" href='https:\/\/ephesusretreat.com.tr\/de\/wp-content\/uploads\/2022\/04\/IMG_5872.png'><img width=\"300\" height=\"300\" src=\"https:\/\/ephesusretreat.com.tr\/de\/wp-content\/uploads\/2022\/04\/IMG_5872-300x300.png\" alt=\"\" decoding=\"async\" loading=\"lazy\" srcset=\"https:\/\/ephesusretreat.com.tr\/de\/wp-content\/uploads\/2022\/04\/IMG_5872-300x300.png 300w, https:\/\/ephesusretreat.com.tr\/de\/wp-content\/uploads\/2022\/04\/IMG_5872-150x150.png 150w, https:\/\/ephesusretreat.com.tr\/de\/wp-content\/uploads\/2022\/04\/IMG_5872-64x64.png 64w\" sizes=\"auto, (max-width: 300px) 100vw, 300px\" \/><\/a><br \/>\n\t\t\t<\/figure>\n<figure class='gallery-item'>\n\t\t\t\t<a data-elementor-open-lightbox=\"yes\" data-elementor-lightbox-slideshow=\"326bc04\" data-elementor-lightbox-title=\"IMG_5758\" data-e-action-hash=\"#elementor-action%3Aaction%3Dlightbox%26settings%3DeyJpZCI6MTcyNzMsInVybCI6Imh0dHBzOlwvXC9lcGhlc3VzcmV0cmVhdC5jb20udHJcL2RlXC93cC1jb250ZW50XC91cGxvYWRzXC8yMDIyXC8wNFwvSU1HXzU3NTgucG5nIiwic2xpZGVzaG93IjoiMzI2YmMwNCJ9\" href='https:\/\/ephesusretreat.com.tr\/de\/wp-content\/uploads\/2022\/04\/IMG_5758.png'><img width=\"300\" height=\"300\" src=\"https:\/\/ephesusretreat.com.tr\/de\/wp-content\/uploads\/2022\/04\/IMG_5758-300x300.png\" alt=\"\" decoding=\"async\" loading=\"lazy\" srcset=\"https:\/\/ephesusretreat.com.tr\/de\/wp-content\/uploads\/2022\/04\/IMG_5758-300x300.png 300w, https:\/\/ephesusretreat.com.tr\/de\/wp-content\/uploads\/2022\/04\/IMG_5758-150x150.png 150w, https:\/\/ephesusretreat.com.tr\/de\/wp-content\/uploads\/2022\/04\/IMG_5758-64x64.png 64w\" sizes=\"auto, (max-width: 300px) 100vw, 300px\" \/><\/a><br \/>\n\t\t\t<\/figure>\n<figure class='gallery-item'>\n\t\t\t\t<a data-elementor-open-lightbox=\"yes\" data-elementor-lightbox-slideshow=\"326bc04\" data-elementor-lightbox-title=\"IMG_5920\" data-e-action-hash=\"#elementor-action%3Aaction%3Dlightbox%26settings%3DeyJpZCI6MTcyNzYsInVybCI6Imh0dHBzOlwvXC9lcGhlc3VzcmV0cmVhdC5jb20udHJcL2RlXC93cC1jb250ZW50XC91cGxvYWRzXC8yMDIyXC8wNFwvSU1HXzU5MjAtMS5wbmciLCJzbGlkZXNob3ciOiIzMjZiYzA0In0%3D\" href='https:\/\/ephesusretreat.com.tr\/de\/wp-content\/uploads\/2022\/04\/IMG_5920-1.png'><img width=\"300\" height=\"300\" src=\"https:\/\/ephesusretreat.com.tr\/de\/wp-content\/uploads\/2022\/04\/IMG_5920-1-300x300.png\" alt=\"\" decoding=\"async\" loading=\"lazy\" srcset=\"https:\/\/ephesusretreat.com.tr\/de\/wp-content\/uploads\/2022\/04\/IMG_5920-1-300x300.png 300w, https:\/\/ephesusretreat.com.tr\/de\/wp-content\/uploads\/2022\/04\/IMG_5920-1-150x150.png 150w, https:\/\/ephesusretreat.com.tr\/de\/wp-content\/uploads\/2022\/04\/IMG_5920-1-64x64.png 64w\" sizes=\"auto, (max-width: 300px) 100vw, 300px\" \/><\/a><br \/>\n\t\t\t<\/figure>\n<figure class='gallery-item'>\n\t\t\t\t<a data-elementor-open-lightbox=\"yes\" data-elementor-lightbox-slideshow=\"326bc04\" data-elementor-lightbox-title=\"lightX 18\" data-e-action-hash=\"#elementor-action%3Aaction%3Dlightbox%26settings%3DeyJpZCI6MTcxMTUsInVybCI6Imh0dHBzOlwvXC9lcGhlc3VzcmV0cmVhdC5jb20udHJcL2RlXC93cC1jb250ZW50XC91cGxvYWRzXC8yMDIyXC8wNFwvbGlnaHRYLTE4LnBuZyIsInNsaWRlc2hvdyI6IjMyNmJjMDQifQ%3D%3D\" href='https:\/\/ephesusretreat.com.tr\/de\/wp-content\/uploads\/2022\/04\/lightX-18.png'><img width=\"300\" height=\"300\" src=\"https:\/\/ephesusretreat.com.tr\/de\/wp-content\/uploads\/2022\/04\/lightX-18-300x300.png\" alt=\"\" decoding=\"async\" loading=\"lazy\" srcset=\"https:\/\/ephesusretreat.com.tr\/de\/wp-content\/uploads\/2022\/04\/lightX-18-300x300.png 300w, https:\/\/ephesusretreat.com.tr\/de\/wp-content\/uploads\/2022\/04\/lightX-18-150x150.png 150w, https:\/\/ephesusretreat.com.tr\/de\/wp-content\/uploads\/2022\/04\/lightX-18-64x64.png 64w\" sizes=\"auto, (max-width: 300px) 100vw, 300px\" \/><\/a><br \/>\n\t\t\t<\/figure>\n<figure class='gallery-item'>\n\t\t\t\t<a data-elementor-open-lightbox=\"yes\" data-elementor-lightbox-slideshow=\"326bc04\" data-elementor-lightbox-title=\"lightX\" data-e-action-hash=\"#elementor-action%3Aaction%3Dlightbox%26settings%3DeyJpZCI6MTcxMTYsInVybCI6Imh0dHBzOlwvXC9lcGhlc3VzcmV0cmVhdC5jb20udHJcL2RlXC93cC1jb250ZW50XC91cGxvYWRzXC8yMDIyXC8wNFwvbGlnaHRYLnBuZyIsInNsaWRlc2hvdyI6IjMyNmJjMDQifQ%3D%3D\" href='https:\/\/ephesusretreat.com.tr\/de\/wp-content\/uploads\/2022\/04\/lightX.png'><img width=\"300\" height=\"300\" src=\"https:\/\/ephesusretreat.com.tr\/de\/wp-content\/uploads\/2022\/04\/lightX-300x300.png\" alt=\"\" decoding=\"async\" loading=\"lazy\" srcset=\"https:\/\/ephesusretreat.com.tr\/de\/wp-content\/uploads\/2022\/04\/lightX-300x300.png 300w, https:\/\/ephesusretreat.com.tr\/de\/wp-content\/uploads\/2022\/04\/lightX-150x150.png 150w, https:\/\/ephesusretreat.com.tr\/de\/wp-content\/uploads\/2022\/04\/lightX-64x64.png 64w\" sizes=\"auto, (max-width: 300px) 100vw, 300px\" \/><\/a><br \/>\n\t\t\t<\/figure>\n<figure class='gallery-item'>\n\t\t\t\t<a data-elementor-open-lightbox=\"yes\" data-elementor-lightbox-slideshow=\"326bc04\" data-elementor-lightbox-title=\"IMG_1632\" data-e-action-hash=\"#elementor-action%3Aaction%3Dlightbox%26settings%3DeyJpZCI6MTcwNjYsInVybCI6Imh0dHBzOlwvXC9lcGhlc3VzcmV0cmVhdC5jb20udHJcL2RlXC93cC1jb250ZW50XC91cGxvYWRzXC8yMDIyXC8wNFwvSU1HXzE2MzItc2NhbGVkLmpwZyIsInNsaWRlc2hvdyI6IjMyNmJjMDQifQ%3D%3D\" href='https:\/\/ephesusretreat.com.tr\/de\/wp-content\/uploads\/2022\/04\/IMG_1632-scaled.jpg'><img width=\"300\" height=\"300\" src=\"https:\/\/ephesusretreat.com.tr\/de\/wp-content\/uploads\/2022\/04\/IMG_1632-300x300.jpg\" alt=\"\" decoding=\"async\" loading=\"lazy\" srcset=\"https:\/\/ephesusretreat.com.tr\/de\/wp-content\/uploads\/2022\/04\/IMG_1632-300x300.jpg 300w, https:\/\/ephesusretreat.com.tr\/de\/wp-content\/uploads\/2022\/04\/IMG_1632-150x150.jpg 150w, https:\/\/ephesusretreat.com.tr\/de\/wp-content\/uploads\/2022\/04\/IMG_1632-64x64.jpg 64w\" sizes=\"auto, (max-width: 300px) 100vw, 300px\" \/><\/a><br \/>\n\t\t\t<\/figure>\n<figure class='gallery-item'>\n\t\t\t\t<a data-elementor-open-lightbox=\"yes\" data-elementor-lightbox-slideshow=\"326bc04\" data-elementor-lightbox-title=\"IMG_1211\" data-e-action-hash=\"#elementor-action%3Aaction%3Dlightbox%26settings%3DeyJpZCI6MTcwNjUsInVybCI6Imh0dHBzOlwvXC9lcGhlc3VzcmV0cmVhdC5jb20udHJcL2RlXC93cC1jb250ZW50XC91cGxvYWRzXC8yMDIyXC8wNFwvSU1HXzEyMTEtc2NhbGVkLmpwZyIsInNsaWRlc2hvdyI6IjMyNmJjMDQifQ%3D%3D\" href='https:\/\/ephesusretreat.com.tr\/de\/wp-content\/uploads\/2022\/04\/IMG_1211-scaled.jpg'><img width=\"300\" height=\"300\" src=\"https:\/\/ephesusretreat.com.tr\/de\/wp-content\/uploads\/2022\/04\/IMG_1211-300x300.jpg\" alt=\"\" decoding=\"async\" loading=\"lazy\" srcset=\"https:\/\/ephesusretreat.com.tr\/de\/wp-content\/uploads\/2022\/04\/IMG_1211-300x300.jpg 300w, https:\/\/ephesusretreat.com.tr\/de\/wp-content\/uploads\/2022\/04\/IMG_1211-150x150.jpg 150w, https:\/\/ephesusretreat.com.tr\/de\/wp-content\/uploads\/2022\/04\/IMG_1211-64x64.jpg 64w\" sizes=\"auto, (max-width: 300px) 100vw, 300px\" \/><\/a><br \/>\n\t\t\t<\/figure>\n<figure class='gallery-item'>\n\t\t\t\t<a data-elementor-open-lightbox=\"yes\" data-elementor-lightbox-slideshow=\"326bc04\" data-elementor-lightbox-title=\"WKTI2273\" data-e-action-hash=\"#elementor-action%3Aaction%3Dlightbox%26settings%3DeyJpZCI6MTcwNjMsInVybCI6Imh0dHBzOlwvXC9lcGhlc3VzcmV0cmVhdC5jb20udHJcL2RlXC93cC1jb250ZW50XC91cGxvYWRzXC8yMDIyXC8wNFwvV0tUSTIyNzMuanBnIiwic2xpZGVzaG93IjoiMzI2YmMwNCJ9\" href='https:\/\/ephesusretreat.com.tr\/de\/wp-content\/uploads\/2022\/04\/WKTI2273.jpg'><img width=\"300\" height=\"300\" src=\"https:\/\/ephesusretreat.com.tr\/de\/wp-content\/uploads\/2022\/04\/WKTI2273-300x300.jpg\" alt=\"\" decoding=\"async\" loading=\"lazy\" srcset=\"https:\/\/ephesusretreat.com.tr\/de\/wp-content\/uploads\/2022\/04\/WKTI2273-300x300.jpg 300w, https:\/\/ephesusretreat.com.tr\/de\/wp-content\/uploads\/2022\/04\/WKTI2273-150x150.jpg 150w, https:\/\/ephesusretreat.com.tr\/de\/wp-content\/uploads\/2022\/04\/WKTI2273-64x64.jpg 64w\" sizes=\"auto, (max-width: 300px) 100vw, 300px\" \/><\/a><br \/>\n\t\t\t<\/figure>\n","protected":false},"excerpt":{"rendered":"<p>\u00a0 [cmsmasters_heading shortcode_id=&#8221;b653e4155b&#8221; type=&#8221;h3&#8243; font_family=&#8221;Herr+Von+Muellerhoff&#8221; font_size=&#8221;108&#8243; line_height=&#8221;125&#8243; font_weight=&#8221;default&#8221; font_style=&#8221;normal&#8221; text_align=&#8221;center&#8221; color=&#8221;rgba(11,12,15,0.2)&#8221; margin_top=&#8221;0&#8243; margin_bottom=&#8221;0&#8243; animation_delay=&#8221;0&#8243;]Unsere Geschichte[\/cmsmasters_heading][cmsmasters_heading shortcode_id=&#8221;e6df6c9045&#8243; type=&#8221;h2&#8243; font_size=&#8221;60&#8243; line_height=&#8221;80&#8243; font_weight=&#8221;default&#8221; font_style=&#8221;default&#8221; text_align=&#8221;center&#8221; margin_top=&#8221;-72&#8243; margin_bottom=&#8221;0&#8243; animation_delay=&#8221;0&#8243;]Die Magie des Seins[\/cmsmasters_heading][cmsmasters_text shortcode_id=&#8221;tgwfpns9tq&#8221; animation_delay=&#8221;0&#8243;] F\u00fcnf nat\u00fcrlichen Seen, grossfl\u00e4chige Waldgebiete, fruchtbare Felder und ausgedehnte Weinberge geben dieser Region einen g\u00f6ttlichen Anstrich und bildet den idealen Rahmen f\u00fcr Ruhe und Erholung&#8230;.<\/p>\n","protected":false},"author":1,"featured_media":0,"parent":0,"menu_order":0,"comment_status":"closed","ping_status":"closed","template":"","meta":{"footnotes":""},"class_list":["post-529","page","type-page","status-publish","hentry"],"_links":{"self":[{"href":"https:\/\/ephesusretreat.com.tr\/de\/wp-json\/wp\/v2\/pages\/529","targetHints":{"allow":["GET"]}}],"collection":[{"href":"https:\/\/ephesusretreat.com.tr\/de\/wp-json\/wp\/v2\/pages"}],"about":[{"href":"https:\/\/ephesusretreat.com.tr\/de\/wp-json\/wp\/v2\/types\/page"}],"author":[{"embeddable":true,"href":"https:\/\/ephesusretreat.com.tr\/de\/wp-json\/wp\/v2\/users\/1"}],"replies":[{"embeddable":true,"href":"https:\/\/ephesusretreat.com.tr\/de\/wp-json\/wp\/v2\/comments?post=529"}],"version-history":[{"count":7,"href":"https:\/\/ephesusretreat.com.tr\/de\/wp-json\/wp\/v2\/pages\/529\/revisions"}],"predecessor-version":[{"id":18115,"href":"https:\/\/ephesusretreat.com.tr\/de\/wp-json\/wp\/v2\/pages\/529\/revisions\/18115"}],"wp:attachment":[{"href":"https:\/\/ephesusretreat.com.tr\/de\/wp-json\/wp\/v2\/media?parent=529"}],"curies":[{"name":"wp","href":"https:\/\/api.w.org\/{rel}","templated":true}]}}