{"id":17143,"date":"2022-04-15T00:48:50","date_gmt":"2022-04-14T21:48:50","guid":{"rendered":"https:\/\/ephesusretreat.com.tr\/de\/?page_id=17143"},"modified":"2022-10-03T17:50:40","modified_gmt":"2022-10-03T14:50:40","slug":"veranstaltungen","status":"publish","type":"page","link":"https:\/\/ephesusretreat.com.tr\/de\/veranstaltungen\/","title":{"rendered":"Veranstaltungen"},"content":{"rendered":"<p style=\"text-align: center;\">All Activities<\/p>\n<h2 style=\"text-align: center;\">PEACE OF SILENCE<\/h2>\n<article itemscope>\n                        <a data-event-id=\"17338\" href=\"https:\/\/ephesusretreat.com.tr\/de\/events\/neseni-sahiplen\/\" target=\"_self\" rel=\"noopener\"><img decoding=\"async\" width=\"1284\" height=\"1275\" src=\"https:\/\/ephesusretreat.com.tr\/de\/wp-content\/uploads\/2022\/07\/Fatma-Tosuntas.jpg\" alt=\"\" loading=\"lazy\" data-mec-postid=\"17338\" \/><\/a><br \/>\n                            August 04 Thursday                        <\/p>\n<h4>NE\u015eEN\u0130 SAH\u0130PLEN<\/h4>\n<p>                            <a data-event-id=\"17338\" href=\"https:\/\/ephesusretreat.com.tr\/de\/events\/neseni-sahiplen\/\" target=\"_self\" rel=\"noopener\">EVENT DETAIL<\/a><br \/>\n                            <\/article>\n<article itemscope>\n                        <a data-event-id=\"17336\" href=\"https:\/\/ephesusretreat.com.tr\/de\/events\/ece-ve-ali-ile-efes-yoga-kampi\/\" target=\"_self\" rel=\"noopener\"><img decoding=\"async\" width=\"1080\" height=\"1080\" src=\"https:\/\/ephesusretreat.com.tr\/de\/wp-content\/uploads\/2022\/07\/ECE-DURSUN.jpeg\" alt=\"\" loading=\"lazy\" data-mec-postid=\"17336\" \/><\/a><br \/>\n                            September 01 Thursday                        <\/p>\n<h4>ECE VE AL\u0130 \u0130LE EFES YOGA KAMPI<\/h4>\n<p>                            <a data-event-id=\"17336\" href=\"https:\/\/ephesusretreat.com.tr\/de\/events\/ece-ve-ali-ile-efes-yoga-kampi\/\" target=\"_self\" rel=\"noopener\">EVENT DETAIL<\/a><br \/>\n                            <\/article>\n<article itemscope>\n                        <a data-event-id=\"17363\" href=\"https:\/\/ephesusretreat.com.tr\/de\/events\/zeninwm-meditaiton\/\" target=\"_self\" rel=\"noopener\"><img decoding=\"async\" width=\"1080\" height=\"1080\" src=\"https:\/\/ephesusretreat.com.tr\/de\/wp-content\/uploads\/2022\/08\/IMG_6102.png\" alt=\"\" loading=\"lazy\" data-mec-postid=\"17363\" \/><\/a><br \/>\n                            September 22 Thursday                        <\/p>\n<h4>ZeninWM Meditation<\/h4>\n<p>                            <a data-event-id=\"17363\" href=\"https:\/\/ephesusretreat.com.tr\/de\/events\/zeninwm-meditaiton\/\" target=\"_self\" rel=\"noopener\">EVENT DETAIL<\/a><br \/>\n                            <\/article>\n","protected":false},"excerpt":{"rendered":"<p>All Activities PEACE OF SILENCE August 04 Thursday NE\u015eEN\u0130 SAH\u0130PLEN EVENT DETAIL September 01 Thursday ECE VE AL\u0130 \u0130LE EFES YOGA KAMPI EVENT DETAIL September 22 Thursday ZeninWM Meditation EVENT DETAIL<\/p>\n","protected":false},"author":1,"featured_media":0,"parent":0,"menu_order":0,"comment_status":"closed","ping_status":"closed","template":"","meta":{"footnotes":""},"class_list":["post-17143","page","type-page","status-publish","hentry"],"_links":{"self":[{"href":"https:\/\/ephesusretreat.com.tr\/de\/wp-json\/wp\/v2\/pages\/17143","targetHints":{"allow":["GET"]}}],"collection":[{"href":"https:\/\/ephesusretreat.com.tr\/de\/wp-json\/wp\/v2\/pages"}],"about":[{"href":"https:\/\/ephesusretreat.com.tr\/de\/wp-json\/wp\/v2\/types\/page"}],"author":[{"embeddable":true,"href":"https:\/\/ephesusretreat.com.tr\/de\/wp-json\/wp\/v2\/users\/1"}],"replies":[{"embeddable":true,"href":"https:\/\/ephesusretreat.com.tr\/de\/wp-json\/wp\/v2\/comments?post=17143"}],"version-history":[{"count":1,"href":"https:\/\/ephesusretreat.com.tr\/de\/wp-json\/wp\/v2\/pages\/17143\/revisions"}],"predecessor-version":[{"id":17833,"href":"https:\/\/ephesusretreat.com.tr\/de\/wp-json\/wp\/v2\/pages\/17143\/revisions\/17833"}],"wp:attachment":[{"href":"https:\/\/ephesusretreat.com.tr\/de\/wp-json\/wp\/v2\/media?parent=17143"}],"curies":[{"name":"wp","href":"https:\/\/api.w.org\/{rel}","templated":true}]}}