{"id":17038,"date":"2022-04-14T11:02:27","date_gmt":"2022-04-14T08:02:27","guid":{"rendered":"https:\/\/ephesusretreat.com.tr\/de\/?page_id=17038"},"modified":"2022-10-06T19:03:42","modified_gmt":"2022-10-06T16:03:42","slug":"erkunde","status":"publish","type":"page","link":"https:\/\/ephesusretreat.com.tr\/de\/erkunde\/","title":{"rendered":"Erkunde"},"content":{"rendered":"<p style=\"text-align: center;\">Erkunde\n<\/p>\n<h2 style=\"text-align: center;\">ERLEBE DIE GESCHICHTE<\/h2>\n<p style=\"text-align: center;\">Ephesus ist ein geschichtstr\u00e4chtiger Ort und das Rerterat der ideale Ausgangspunkt f\u00fcr Geschichte, Kultur, Erholung und vielerlei Aktivit\u00e4ten. Wir stehen euch vor Ort gerne f\u00fcr die Organisation von Ausfl\u00fcgen und Events zur Verf\u00fcgung oder iIhr k\u00f6nnt ganz einfach \u00fcber die folgenden Links buchen. Viel Spass!\n<\/p>\n<p>\t\t\t\t\t\t\t\t\t\t\t\t<a href=\"\">Historische Ephesus Tour<\/a><\/p>\n<p>Nur 15 Fahrminuten von unserem gleichnamigen Retreat entfernt, befindet sich die antike Stadt Ephesus. Sie war die bedeutendste Stadt in Kleinasien und beherbergte den Tempel Artemis, eines der sieben Weltwunder. Die Stadt wurde etwa im 10. Jahrhundert vor Christus am Fusse des Berges Panayir Dag gegr\u00fcndet. Ein Besuch in der alten Stadt l\u00e4sst erahnen welche Geschichte sie tr\u00e4gt.<\/p>\n<p>Wir helfen Euch gerne beim Organisieren!<\/p>\n<p>\t\t\t\t\t\t\t\t\t\t\t\t<a href=\"\">Weinproben &#038; Weingutbesichtigungen, \u015eirince<\/a><\/p>\n<p>\u015eirince ist nicht nur bekannt f\u00fcr seine sch\u00f6ne Altstadt, sondern auch f\u00fcr seinen Wein. Es lohnt sich, sich auf eine kulinarische Reise zu begeben und den t\u00fcrkischen Wein zu erleben. Wir sind sicher, das ist ein wahrer Genuss!<\/p>\n<p>Wir helfen Euch gerne beim Organisieren!<\/p>\n<p>\t\t\t\t\t\t\t\t\t\t\t\t<a href=\"\">Golf<\/a><\/p>\n<p>Zur Abwechslung auch mal vom Tee abschlagen und eine Runde Golf spielen? Auch das kann man vom Ephesus Retreat aus unternehmen.<\/p>\n<p>Wenn Ihr daran interessiert seid, an einer Runde Golf, dann helfen wir Euch gerne beim Organisieren.<\/p>\n<p>\t\t\t\t\t\t\t\t\t\t\t\t<a href=\"\">Str\u00e4nde<\/a><\/p>\n<p>Die Str\u00e4nde in und um Kusadasi herum sind schlicht traumhaft und sind in gut 20 Minuten vom Retreat aus erreichbar. Eine kleine Auswahl unserer Favoriten nach dem Motto \u201eMal Sand, mal Felsen&#8221;.<\/p>\n<p>Der Ladies Beach liegt nahe bei Ku\u015fadas\u0131 mit einem kleinen wundervollen Sandstrand. Direkt neben Ladies Beach beginnt der Sandstrand Green Beach. In einer Entfernung von etwa 5 Kilometern vom Stadtzentrum weg, in n\u00f6rdlicher Richtung, liegt der Ku\u015ftur Strand. Anschliessend folgt der Long Beach, welcher 18 Kilometer Sandstrand umfasst. Auch der Pamucak Strand bietet Ruhe und Erholung und hier ist man oft f\u00fcr sich alleine. Viele mehr laden ein zum Verweilen, Entspannen, Schwimmen oder sportliche Aktivit\u00e4ten.<\/p>\n<p>\t\t\t\t\t\t\t\t\t\t\t\t<a href=\"\">Haus der Mutter Maria<\/a><br \/>\n\t\t\t\t\tOberhalb der antiken Stadt Ephesus, f\u00fchrt der Weg zum Haus der Mutter Maria. Auf dem Weg dorthin begr\u00fcsst Euch eine riesige Statue der Mutter Maria. Macht halt, werft einen Blick ins weite Tal. Die Aussicht ist atemberaubend. Ein grosser Wunschbaum, mit vielen T\u00fcchern drapiert, deren W\u00fcnsche im Wind schaukeln, zeigt eindr\u00fccklich auf, wie viele Menschen nach Ephesus und dem Haus der Mutter Maria kommen. Fast jeder kommt mit einem Wunsch hierher!<br \/>\n\t\t\t\t\t\t\t\t\t\t\t\t<a href=\"\">Sel\u00e7uk<\/a><\/p>\n<p>Diese kleine Stadt ist ein Juwel zum Entdecken und hat viel zu bieten. Neben dem Museum selbst, das viele der besten Funde aus Ephesus beherbergt, gibt es eine wundersch\u00f6ne Moschee aus dem 14. Jahrhundert und die St.-Johannes-Basilika.<\/p>\n<p>Ruinen von Hamams und Bibliotheken aus verschiedenen Jahrhunderten sind \u00fcberall in der Stadt zu finden und St\u00f6rche nisten auf den Spitzen vieler alter S\u00e4ulen. Dies ist ein guter Ort, um Teppiche, Kelims und Souvenirs zu kaufen.<\/p>\n<p>Der Bahnhof ist voller Charme der alten Welt und das Haus der Jungfrau Maria liegt gleich ausserhalb der Stadt. Der riesige Markt auf dem zentralen Platz am Samstag eignet sich gut zum Beobachten von Menschen und verkauft hervorragende lokale Produkte, von Lebensmitteln bis hin zu lokalem Kunsthandwerk.<\/p>\n<p>\t\t\t\t\t\t\t\t\t\t\t\t<a href=\"\">Zugsmuseum<\/a><br \/>\n\t\t\t\t\tWenn Ihr Z\u00fcge m\u00f6gt, besucht das weltber\u00fchmte Dampfzugmuseum Camlik.<br \/>\n\t\t\t\t\t\t\t\t\t\t\t\t<a href=\"\">Artemistempel<\/a><br \/>\n\t\t\t\t\tDer Tempel der Artemis, auch Artemesium genannt, war eines der Sieben Weltwunder. Heute ist nur noch eine S\u00e4ule \u00fcbrig.<br \/>\n\t\t\t\t\t\t\t\t\t\t\t\t<a href=\"\">Priene<\/a><\/p>\n<p>Priene ist kleiner und hatte nur etwa 5.000 Einwohner. Es war einst am Meer, und die Stadt wurde in Terrassen gebaut, die sich vom Meeresspiegel auf etwa 400 Fu\u00df erhob. Wie die politisch m\u00e4chtigere Stadt Ephesus verschlammte das Flussbett und die Stadt befand sich immer weiter vom Meer entfernt.<\/p>\n<p>Das \u00e4g\u00e4ische Gebiet war einst ein m\u00e4chtiges Gebiet der Antike, und viele Sehensw\u00fcrdigkeiten k\u00f6nnen vom Ephesus Retreat aus an einem langen Morgen oder Nachmittag erkundet werden, darunter Magnesia, Priene und Milet.<\/p>\n<p>\t\t\t\t\t\t\t\t\t\t\t\t<a href=\"\">Claros &#8211; das alte Heiligtum des Apollo<\/a><\/p>\n<p>30 km von Ephesus Retreat war ein antikes griechisches Heiligtum an der K\u00fcste von Ionia. Es enthielt einen Tempel und ein Orakel des Apollo, der hier als Apollo Clarius verehrt wird. Es befand sich im Gebiet von Kolophon, das zw\u00f6lf Kilometer n\u00f6rdlich lag, einer der zw\u00f6lf St\u00e4dte des Ionischen Bundes. Die K\u00fcstenstadt Notion lag zwei Kilometer s\u00fcdlich. Die Ruinen des Heiligtums befinden sich heute n\u00f6rdlich der modernen Stadt Ahmetbeyli im Distrikt Menderes in der t\u00fcrkischen Provinz Izmir.<\/p>\n<p>Der Tempel des Apollo in Claros war ein sehr wichtiges Zentrum der Prophezeiung, wie in Delphi und Didyma. Die \u00e4ltesten literarischen Informationen \u00fcber diese heilige St\u00e4tte gehen durch die Homerischen Hymnen auf das sechste und siebte Jahrhundert v. Eine heilige H\u00f6hle in der N\u00e4he des Apollontempels, der sowohl in hellenistischer als auch in r\u00f6mischer Zeit ein wichtiger Ort war, weist auf die Existenz eines Kybelenkults in fr\u00fcher Zeit hier hin. Spiele namens Claria wurden alle f\u00fcnf Jahre zu Ehren von Apollo in Claros abgehalten<\/p>\n<p>Die Fundamente des Heiligtums sind ebenfalls in Mythologie geh\u00fcllt und verbinden Claros mit dem Mythos der Epigonen, die Theben eroberten.<\/p>\n<p>Arch\u00e4ologische Beweise deuten darauf hin, dass die St\u00e4tte seit dem 10. Jahrhundert v. Chr. aktiv war, was durch die Entdeckung protogeometrischer Keramik belegt wird, die nach dem Zusammenbruch der mykenisch-minoischen Palastkultur zwischen 1030 und 900 v. Chr. auftauchte.<\/p>\n<p>\t\t\t\t\t\t\t\t\t\t\t\t<a href=\"\">Wanderrouten<\/a><\/p>\n<p>In der Umgebung vom Ephesus Retreat gibt es wundersch\u00f6ne Wanderrouten, welche zu ausgedehnten Ausfl\u00fcgen einladen. Erlebt die Sch\u00f6hnheit der Natur und die Stille beim Wandern.<\/p>\n<p>Wir helfen Euch gerne beim Organisieren!<\/p>\n<p>\t\t\t\t\t\t\t\t\t\t\t\t<a href=\"\">Segeln<\/a><\/p>\n<p>Ein kleiner Segelausflug auf das \u00e4g\u00e4ische Meer? Geniesst das Rauschen des Wassers und die Ruhe auf dem Meer. Solltet Ihr Ephesus auch von der See her erleben, dann lesst es uns wissen!<\/p>\n<p>Wir helfen Euch gerne beim Organisieren!<\/p>\n<p>\t\t\t\t\t\t\t\t\t\t\t\t<a href=\"\">Reiten<\/a><\/p>\n<p>Entflieht den Massen und erlebt die Natur von ihrer sch\u00f6nsten Seite bei einem Reitausflug. Entdeckt die ruhige Landschaft der Gegend und entspannt Euch bei einer unvergleichlichen friedlichen Aktivit\u00e4t.<\/p>\n<p>Wenn Ihr daran interessiert seid, an einem einzigartigen, entspannenden und alternativen Ausflug teilzunehmen, dann helfen wir Euch gerne beim Organisieren.<\/p>\n<p>\t\t\t\t\t\t\t\t\t\t\t\t<a href=\"\">\u015eirince<\/a><\/p>\n<p>\u015eirince gilt als authentisches altes griechisches Dorf. In der Tat hat sich das Dorfbild in den letzten hundert Jahren kaum ver\u00e4ndert. Die meisten weissen Griechenh\u00e4user aus Backstein, entstanden im 18. und 19. Jahrhundert. Der Ort steht unter Denkmalschutz, teilweise hat man mit der Renovierung der ersten H\u00e4user begonnen.<\/p>\n<p>Egal wie oft Ihr diesen Ort besucht, es ist jedes Mal wie das erste Mal. Es verspr\u00fcht sehr viel Charme und l\u00e4dt zum Tr\u00e4umen ein. Hier kann man wirklich authentisches Essen geniessen, einen aromatischen Mocca trinken und mit den wohlwollenden Dorfbewohnern auf dem Markt handeln.<\/p>\n<p>Wir helfen Euch gerne beim Organisieren!<\/p>\n<p>\t\t\t\t\t\t\t\t\t\t\t\t<a href=\"\">Siebenschl\u00e4ferh\u00f6hle<\/a><br \/>\n\t\t\t\t\tDie Siebenschl\u00e4ferh\u00f6hle von Ephesus besteht aus einem gr\u00f6sseren Begr\u00e4bnis- und Weihest\u00e4tte des Altertums und einer Kirche, die an der Nordostseite des Berges Panay\u0131r Da\u011f\u0131 nahe der antiken Stadt Ephesus liegt. Der Legende nach war hier die H\u00f6hle, in der die \u201eSieben Schl\u00e4fer\u201c von Ephesus 200 Jahre lang schliefen und damit der Christenverfolgung unter dem r\u00f6mischen Kaiser Decius entgingen<br \/>\n\t\t\t\t\t\t\t\t\t\t\t\t<a href=\"\">Ku\u015fadas\u0131<\/a><br \/>\n\t\t\t\t\tAuf T\u00fcrkisch heisst Ku\u015fadas\u0131 \u201eVogelinsel\u201c und liegt nur wenige Kilometer von unserem Retreat entfernt. Sie beherbergt einen grossen Yachthafen und einen Hafen f\u00fcr Kreuzfahrtschiffe. Im Zentrum von Ku\u015fadas\u0131 ist eine autofreie Fussg\u00e4ngerzone zum Einkaufen, Bummeln und Verweilen. Die Stadt bietet neben Ihren Str\u00e4nden viele Restaurants und einen authentischen Fischmarkt. Das Wahrzeichen der Stadt ist die kleine Insel G\u00fcvercinada (Taubeninsel). Sie ist \u00fcber eine schmale Mole mit dem Festland verbunden. Am Yachthafen bietet eine Tauchschule spezielle Tauchfahrten und im Winter Angeltouren an.<br \/>\n\t\t\t\t\t\t\t\t\t\t\t\t<a href=\"\">Tyrus<\/a><\/p>\n<p>Tyrus ist eine kleine Marktstadt und einen Besuch wert an einem Dienstag, wenn sie ihren Wochenmarkt haben. Es ist besonders gut f\u00fcr seine gro\u00dfe Auswahl an Waren, von Holzl\u00f6ffeln \u00fcber handgefertigte S\u00e4ttel bis hin zu Eselsgeschirren aus Ziegenhaar. Schlendern Sie nach Belieben durch die Marktstra\u00dfen und halten Sie hinter vielen alten T\u00fcren Ausschau nach dem alten Caravansaray (einer fr\u00fchen Form des G\u00e4stehauses). Sie finden auch Werkstattfilzteppiche in vielen originellen Mustern.<\/p>\n<p>Auf den Strassen, die nach Tyrus f\u00fchren, verkaufen Zigeuner wundersch\u00f6ne Schilfk\u00f6rbe in allen Formen und Gr\u00f6\u00dfen. Es gibt ein am\u00fcsantes Landlebensmuseum, obwohl die meisten Ausstellungsst\u00fccke seit Jahren nicht ver\u00e4ndert oder sogar abgestaubt wurden!<\/p>\n<p>\t\t\t\t\t\t\t\t\t\t\t\t<a href=\"\">Magnesia auf dem M\u00e4ander<\/a><\/p>\n<p>Magnesia befand sich an einem wirtschaftlich und strategisch wichtigen Standort im Dreieck von Priene, Ephesus und Talles. Obwohl es innerhalb von Ionia lag, wurde es nicht in den Ionischen Bund aufgenommen. W\u00e4hrend seiner Existenz war Magnesia zuerst den Lydern, dann den Persern unterstellt. Das umliegende Gebiet war \u00e4usserst fruchtbar und f\u00fcr seine Feigen und Weine bekannt. Die Ausgrabungen begannen in den 1890er Jahren und wurden 1984 wieder aufgenommen. Magnesia ist oft fast v\u00f6llig leer von Touristen, sodass Sie wirklich die Chance bekommen, diese antike Stadt abseits der Massen zu erkunden.<\/p>\n<p>\t\t\t\t\t\t\t\t\t\t\t\t<a href=\"\">Milet<\/a><\/p>\n<p>22 km von Priene entfernt liegen die \u00dcberreste von Milet. Wieder einmal war die Stadt ein Hafen, bevor der Fluss Meander verschlammte, die Wirtschaft strangulierte und seine B\u00fcrger zwang, anderswo nach M\u00f6glichkeiten zu suchen. Hier k\u00f6nnt Ihr das grosse Theater und die \u00dcberreste von Tempeln, M\u00e4rkten und H\u00e4usern erkunden.<\/p>\n<p>\t\t\t\t\t\t\t\t\t\t\t\t<a href=\"\">Pamukkale und Hierapolis<\/a><\/p>\n<p>180 km vom Ephesus Retreat entfernt k\u00f6nnt Ihr Pamukkale und Hierapolis besuchen. Geniesst ein entspannendes Bad in den heissen Quellen und bewundern Sie die einzigartigen weissen Kalksteinterrassen, die als Travertine bekannt sind. Die Alten glaubten, dass Hierapolis oder Heilige Stadt vom Gott Apollo gegr\u00fcndet wurde. Es war ber\u00fchmt f\u00fcr seine heissen Quellen, deren D\u00e4mpfe mit Pluto, dem Gott der Unterwelt, in Verbindung gebracht wurden. Die heissen Quellen waren in der R\u00f6merzeit wegen ihrer therapeutischen Kr\u00e4fte beliebt. Besucht das Domitian-Tor, die Kolonnadenstrasse und die Kathedrale. Erkundet das Pamukkale Museum und bestaunt die Kalksteinterrassen von Pamukkale.<\/p>\n","protected":false},"excerpt":{"rendered":"<p>Erkunde ERLEBE DIE GESCHICHTE Ephesus ist ein geschichtstr\u00e4chtiger Ort und das Rerterat der ideale Ausgangspunkt f\u00fcr Geschichte, Kultur, Erholung und vielerlei Aktivit\u00e4ten. Wir stehen euch vor Ort gerne f\u00fcr die Organisation von Ausfl\u00fcgen und Events zur Verf\u00fcgung oder iIhr k\u00f6nnt ganz einfach \u00fcber die folgenden Links buchen. Viel Spass! Historische Ephesus Tour Nur 15 Fahrminuten&#8230;<\/p>\n","protected":false},"author":1,"featured_media":0,"parent":0,"menu_order":0,"comment_status":"closed","ping_status":"closed","template":"","meta":{"footnotes":""},"class_list":["post-17038","page","type-page","status-publish","hentry"],"_links":{"self":[{"href":"https:\/\/ephesusretreat.com.tr\/de\/wp-json\/wp\/v2\/pages\/17038","targetHints":{"allow":["GET"]}}],"collection":[{"href":"https:\/\/ephesusretreat.com.tr\/de\/wp-json\/wp\/v2\/pages"}],"about":[{"href":"https:\/\/ephesusretreat.com.tr\/de\/wp-json\/wp\/v2\/types\/page"}],"author":[{"embeddable":true,"href":"https:\/\/ephesusretreat.com.tr\/de\/wp-json\/wp\/v2\/users\/1"}],"replies":[{"embeddable":true,"href":"https:\/\/ephesusretreat.com.tr\/de\/wp-json\/wp\/v2\/comments?post=17038"}],"version-history":[{"count":5,"href":"https:\/\/ephesusretreat.com.tr\/de\/wp-json\/wp\/v2\/pages\/17038\/revisions"}],"predecessor-version":[{"id":17949,"href":"https:\/\/ephesusretreat.com.tr\/de\/wp-json\/wp\/v2\/pages\/17038\/revisions\/17949"}],"wp:attachment":[{"href":"https:\/\/ephesusretreat.com.tr\/de\/wp-json\/wp\/v2\/media?parent=17038"}],"curies":[{"name":"wp","href":"https:\/\/api.w.org\/{rel}","templated":true}]}}