{"id":17029,"date":"2022-04-14T10:53:38","date_gmt":"2022-04-14T07:53:38","guid":{"rendered":"https:\/\/ephesusretreat.com.tr\/de\/?page_id=17029"},"modified":"2022-10-06T19:15:04","modified_gmt":"2022-10-06T16:15:04","slug":"lage","status":"publish","type":"page","link":"https:\/\/ephesusretreat.com.tr\/de\/lage\/","title":{"rendered":"Lage"},"content":{"rendered":"<h2>WO WIR SIND<\/h2>\n<p>Mit ihren 160 m2 Wald, f\u00fcnf nat\u00fcrlichen Seen und ausgedehnten Weinbergen ist die Region Sel\u00e7uk auch daf\u00fcr bekannt, die arch\u00e4ologische St\u00e4tte der Stadt Ephesus (2015 von der UNSECO als Weltkulturerbe gelistet) zu bewahren, die angeblich ein Ort der Anbetung ist f\u00fcr die antike G\u00f6ttin Ephesus Artemis (beeinflusst von der anatolischen G\u00f6ttin Kybele).<br \/>\nDasselbe Gebiet diente den Christen als Wallfahrtsort, da sie immer noch das Haus der Jungfrau Maria besuchen, um zu beten und Segen zu empfangen. Geschichten besagen, dass sie dort in ihren letzten Tagen zur\u00fcckgetreten ist.<br \/>\nSeit Tausenden von Jahren werden Suchende und K\u00fcnstler an diesen Ort gerufen, um Weisheit und Wissen, Mysterien, Gemeinschaftsleben und Inspiration zu finden und der Energie der Vorfahren und Geschichten zu begegnen, die bis in unsere Tage lebendig vibrieren!\t\t<\/p>\n<figure><img decoding=\"async\" src=\"https:\/\/ephesusretreat.com.tr\/de\/wp-content\/uploads\/2022\/04\/97751626be.jpg\" alt=\"97751626be\" \/><\/figure>\n<figure><img decoding=\"async\" src=\"https:\/\/ephesusretreat.com.tr\/de\/wp-content\/uploads\/2022\/04\/180229fdb5.jpg\" alt=\"180229fdb5\" \/><\/figure>\n<figure><img decoding=\"async\" src=\"https:\/\/ephesusretreat.com.tr\/de\/wp-content\/uploads\/2022\/04\/20812f95bd.jpg\" alt=\"20812f95bd\" \/><\/figure>\n<figure><img decoding=\"async\" src=\"https:\/\/ephesusretreat.com.tr\/de\/wp-content\/uploads\/2022\/04\/3d42e21647.jpg\" alt=\"3d42e21647\" \/><\/figure>\n<p>\t\t\t\t\t\t\t\t\t\t\t\tPrevious<br \/>\n\t\t\t\t\t\t\t\t\t\t\t\tNext<\/p>\n<h2 style=\"text-align: center;\">&#8211; WIE IHR ZU UNS KOMMT &#8211;<\/h2>\n<h2 style=\"text-align: center;\">FLUGZEUG<\/h2>\n<p>&#8220;Die Anreise erfolgt vorzugsweise \u00fcber den internationalen Flughafen Izmir, der weniger als 1 Autostunde vom Ephesus Retreat (69 km) entfernt ist.<\/p>\n<p>Am Flughafen in Izmir angekommen, k\u00f6nn Ihr mit dem Zug weiter nach Sel\u00e7uk fahren, ein Taxi nehmen oder am Flughafen Izmir ein Auto mieten \u2013 ganz wie es Euch am besten passt.<\/p>\n<p>Gerne organisieren wir auch den Transport f\u00fcr Euch Lass es uns einfach wissen.&#8221;<\/p>\n<h2 style=\"text-align: center;\">ZUG<\/h2>\n<p>Der Zug f\u00e4hrt von Izmir oder vom Flughafen Izmir nach Sel\u00e7uk.<\/p>\n<p>Nehmen Sie den Zug 32711 nach Denizli und die Fahrt dauert 1 1\/2 Stunden von Izmir und etwa 1 Stunde vom Flughafen Izmir (gleicher Zug).<\/p>\n<p>Der Zug verkehrt mehrmals t\u00e4glich zwischen Izmir \/ Flughafen Izmir und Sel\u00e7uk.<\/p>\n<p>Weitere Informationen finden Sie unter folgendem Link:<\/p>\n<ul>\n<li><a href=\"http:\/\/www.trenseferleri.com\/basmane-selcuk-tren-saatleri\">trenseferleri<\/a><\/li>\n<li><a href=\"http:\/\/www.rome2rio.com\/map\/Izmir-Airport-ADB\/Sel%C3%A7uk#r\/Train\/s\/0\" target=\"_blank\" rel=\"noopener\">rome2rio\u00a0<\/a><\/li>\n<li><a href=\"https:\/\/www.izban.com.tr\/Sayfalar\/SeferSaatleri.aspx?MenuId=22\" target=\"_blank\" rel=\"noopener\">izban<\/a><\/li>\n<\/ul>\n<p>Vom Bahnhof aus k\u00f6nnt Ihr ein Taxi zum Ephesus Retreat nehmen.<\/p>\n<p>Wir freuen uns auf Sie!<\/p>\n<h2 style=\"text-align: center;\">AUTO<\/h2>\n<p><b>Wichtige Informationen<\/b>:<\/p>\n<p>Bitte versucht nicht, mit Google Maps oder Apple Maps zu navigieren. Es bringt Euch auf die falsche Strasse und an den falschen Ort.<\/p>\n<p>&#8212;&#8212;&#8212;&#8212;&#8212;&#8212;&#8212;&#8212;&#8212;&#8211;<\/p>\n<p>Von Izmir aus fahrt auf der Autobahn in Richtung S\u00fcden nach Ayd\u0131n \/ Sel\u00e7uk.<\/p>\n<p>Wenn Ihr in Sel\u00e7uk ankommt, passiert die Stadt und folgt der Strasse nach Camlik. 400 m vor der Ankunft in Camlik befindet sich auf der linken Strassenseite ein grosses Schild mit der Aufschrift \u201eEphesus Retreat\u201c.<\/p>\n<p>Biegt links ab, folgt dem Schild bis zum Wald und folgt allen anderen Schildern, bis Ihr am Retreat ankommt.<\/p>\n<p>Es ist etwa 4 km von der Hauptstrasse nach Ephesus Retreat entfernt und es ist eine unbefestigte Strasse.<\/p>\n<p>Fahrt vorsichtig!<\/p>\n","protected":false},"excerpt":{"rendered":"<p>WO WIR SIND Mit ihren 160 m2 Wald, f\u00fcnf nat\u00fcrlichen Seen und ausgedehnten Weinbergen ist die Region Sel\u00e7uk auch daf\u00fcr bekannt, die arch\u00e4ologische St\u00e4tte der Stadt Ephesus (2015 von der UNSECO als Weltkulturerbe gelistet) zu bewahren, die angeblich ein Ort der Anbetung ist f\u00fcr die antike G\u00f6ttin Ephesus Artemis (beeinflusst von der anatolischen G\u00f6ttin Kybele)&#8230;.<\/p>\n","protected":false},"author":1,"featured_media":0,"parent":0,"menu_order":0,"comment_status":"closed","ping_status":"closed","template":"","meta":{"footnotes":""},"class_list":["post-17029","page","type-page","status-publish","hentry"],"_links":{"self":[{"href":"https:\/\/ephesusretreat.com.tr\/de\/wp-json\/wp\/v2\/pages\/17029","targetHints":{"allow":["GET"]}}],"collection":[{"href":"https:\/\/ephesusretreat.com.tr\/de\/wp-json\/wp\/v2\/pages"}],"about":[{"href":"https:\/\/ephesusretreat.com.tr\/de\/wp-json\/wp\/v2\/types\/page"}],"author":[{"embeddable":true,"href":"https:\/\/ephesusretreat.com.tr\/de\/wp-json\/wp\/v2\/users\/1"}],"replies":[{"embeddable":true,"href":"https:\/\/ephesusretreat.com.tr\/de\/wp-json\/wp\/v2\/comments?post=17029"}],"version-history":[{"count":5,"href":"https:\/\/ephesusretreat.com.tr\/de\/wp-json\/wp\/v2\/pages\/17029\/revisions"}],"predecessor-version":[{"id":17967,"href":"https:\/\/ephesusretreat.com.tr\/de\/wp-json\/wp\/v2\/pages\/17029\/revisions\/17967"}],"wp:attachment":[{"href":"https:\/\/ephesusretreat.com.tr\/de\/wp-json\/wp\/v2\/media?parent=17029"}],"curies":[{"name":"wp","href":"https:\/\/api.w.org\/{rel}","templated":true}]}}