{"id":11850,"date":"2016-06-24T12:08:02","date_gmt":"2016-06-24T09:08:02","guid":{"rendered":"http:\/\/template.cmsmasters.net\/?page_id=11850"},"modified":"2022-10-06T19:08:28","modified_gmt":"2022-10-06T16:08:28","slug":"kontakt","status":"publish","type":"page","link":"https:\/\/ephesusretreat.com.tr\/de\/kontakt\/","title":{"rendered":"Kontakt"},"content":{"rendered":"<p style=\"text-align: center;\">Kontakt<\/p>\n<p style=\"text-align: center;\">SCHREIBE UNS\n<\/p>\n<p><iframe src=\"https:\/\/www.google.com\/maps\/embed?pb=!1m14!1m8!1m3!1d12591.947256109477!2d27.3920573!3d37.9073709!3m2!1i1024!2i768!4f13.1!3m3!1m2!1s0x0%3A0x872d98da3d605b64!2sEphesus%20Retreat%20Konaklama!5e0!3m2!1str!2str!4v1664542093969!5m2!1str!2str\" width=\"600\" height=\"450\" style=\"border:0;\" allowfullscreen=\"\" loading=\"lazy\" referrerpolicy=\"no-referrer-when-downgrade\"><\/iframe>[contact-form-7 id=&#8221;24&#8243; title=&#8221;Contact form 1&#8243;]<\/p>\n<h3>Unsere Kontaktdaten<\/h3>\n<ul id=\"cmsmasters_icon_list_items_d04a9670dc\">\n<li id=\"cmsmasters_icon_list_item_zx7qbb36i\">Ciftlik Evleri caddesi No 16 Acarlar Mahallesi SELCUK IZMIR TURKEY<\/li>\n<li id=\"cmsmasters_icon_list_item_zq7s8n0mpr\"><a href=\"http:\/\/info@ephesusretreat.com.tr\/\">info@ephesusretreat.com.tr<\/a><\/li>\n<li id=\"cmsmasters_icon_list_item_ipif3ic8sb\">Ruf uns an: +90 543 627 7816<\/li>\n<\/ul>\n<h2>LAGE<\/h2>\n<table width=\"413\">\n<tbody>\n<tr>\n<td width=\"413\">Das Ephesus Retreat liegt an den H\u00e4ngen des \u201eHonigwaldes\u201c auf einem 20 Hektar gro\u00dfen Grundst\u00fcck mit einem umwerfenden Panoramblick \u00fcber die historische Stadt Ephesus und das Tal bin hin zum Meer.<\/p>\n<p>Entfernung zu:<\/p>\n<p>Internationaler Flughafen Izmir \u2013 69 km<\/p>\n<p>Antike Stadt Ephesus \u2013 5,7 km<\/p>\n<p>Sel\u00e7uk \u2013 5 km<\/p>\n<p>\u015eirince \u2013 5,2 km<\/p>\n<p>Ku\u015fadas\u0131 \u2013 14 km<\/td>\n<\/tr>\n<\/tbody>\n<\/table>\n<h2 style=\"text-align: center;\">&#8211; WIE IHR ZU UNS KOMMT &#8211;<br \/>\n<\/h2>\n<h2 style=\"text-align: center;\">\u00a0FLUGZEUG<\/h2>\n<p>&#8220;Die Anreise erfolgt vorzugsweise \u00fcber den internationalen Flughafen Izmir, der weniger als 1 Autostunde vom Ephesus Retreat (69 km) entfernt ist.<\/p>\n<p>Am Flughafen in Izmir angekommen, k\u00f6nn Ihr mit dem Zug weiter nach Sel\u00e7uk fahren, ein Taxi nehmen oder am Flughafen Izmir ein Auto mieten \u2013 ganz wie es Euch am besten passt.<\/p>\n<p>Gerne organisieren wir auch den Transport f\u00fcr Euch Lass es uns einfach wissen.&#8221;<\/p>\n<h2 style=\"text-align: center;\">ZUG<\/h2>\n<p>Der Zug f\u00e4hrt von Izmir oder vom Flughafen Izmir nach Sel\u00e7uk.<\/p>\n<p>Nehmen Sie den Zug 32711 nach Denizli und die Fahrt dauert 1 1\/2 Stunden von Izmir und etwa 1 Stunde vom Flughafen Izmir (gleicher Zug).<\/p>\n<p>Der Zug verkehrt mehrmals t\u00e4glich zwischen Izmir \/ Flughafen Izmir und Sel\u00e7uk.<\/p>\n<p>Weitere Informationen finden Sie unter folgendem Link:<\/p>\n<ul>\n<li><a href=\"http:\/\/www.trenseferleri.com\/basmane-selcuk-tren-saatleri\" target=\"_blank\" rel=\"noopener\">trenseferleri<\/a><\/li>\n<li><a href=\"https:\/\/www.rome2rio.com\/map\/Izmir-Airport-ADB\/Sel%C3%A7uk#r\/Train\/s\/0\" target=\"_blank\" rel=\"noopener\">rome2rio\u00a0<\/a><\/li>\n<li><a href=\"https:\/\/www.izban.com.tr\/Sayfalar\/SeferSaatleri.aspx?MenuId=22\" target=\"_blank\" rel=\"noopener\">izban\u00a0<\/a><\/li>\n<\/ul>\n<p>Vom Bahnhof aus k\u00f6nnt Ihr ein Taxi zum Ephesus Retreat nehmen.<\/p>\n<p>Wir freuen uns auf Sie!<\/p>\n<h2 style=\"text-align: center;\">AUTO<\/h2>\n<table width=\"413\">\n<tbody>\n<tr>\n<td width=\"413\">\n<p><b>Wichtige Informationen<\/b>:<\/p>\n<p>Bitte versucht nicht, mit Google Maps oder Apple Maps zu navigieren. Es bringt Euch auf die falsche Strasse und an den falschen Ort.<\/p>\n<p>&#8212;&#8212;&#8212;&#8212;&#8212;&#8212;&#8212;&#8212;&#8212;&#8211;<\/p>\n<p>Von Izmir aus fahrt auf der Autobahn in Richtung S\u00fcden nach Ayd\u0131n \/ Sel\u00e7uk.<\/p>\n<p>Wenn Ihr in Sel\u00e7uk ankommt, passiert die Stadt und folgt der Strasse nach Camlik. 400 m vor der Ankunft in Camlik befindet sich auf der linken Strassenseite ein grosses Schild mit der Aufschrift \u201eEphesus Retreat\u201c.<\/p>\n<p>Biegt links ab, folgt dem Schild bis zum Wald und folgt allen anderen Schildern, bis Ihr am Retreat ankommt.<\/p>\n<p>Es ist etwa 4 km von der Hauptstrasse nach Ephesus Retreat entfernt und es ist eine unbefestigte Strasse.<\/p>\n<p>Fahrt vorsichtig!<\/p>\n<\/td>\n<\/tr>\n<\/tbody>\n<\/table>\n","protected":false},"excerpt":{"rendered":"<p>Kontakt SCHREIBE UNS [contact-form-7 id=&#8221;24&#8243; title=&#8221;Contact form 1&#8243;] Unsere Kontaktdaten Ciftlik Evleri caddesi No 16 Acarlar Mahallesi SELCUK IZMIR TURKEY info@ephesusretreat.com.tr Ruf uns an: +90 543 627 7816 LAGE Das Ephesus Retreat liegt an den H\u00e4ngen des \u201eHonigwaldes\u201c auf einem 20 Hektar gro\u00dfen Grundst\u00fcck mit einem umwerfenden Panoramblick \u00fcber die historische Stadt Ephesus und das&#8230;<\/p>\n","protected":false},"author":1,"featured_media":0,"parent":0,"menu_order":0,"comment_status":"closed","ping_status":"closed","template":"","meta":{"footnotes":""},"class_list":["post-11850","page","type-page","status-publish","hentry"],"_links":{"self":[{"href":"https:\/\/ephesusretreat.com.tr\/de\/wp-json\/wp\/v2\/pages\/11850","targetHints":{"allow":["GET"]}}],"collection":[{"href":"https:\/\/ephesusretreat.com.tr\/de\/wp-json\/wp\/v2\/pages"}],"about":[{"href":"https:\/\/ephesusretreat.com.tr\/de\/wp-json\/wp\/v2\/types\/page"}],"author":[{"embeddable":true,"href":"https:\/\/ephesusretreat.com.tr\/de\/wp-json\/wp\/v2\/users\/1"}],"replies":[{"embeddable":true,"href":"https:\/\/ephesusretreat.com.tr\/de\/wp-json\/wp\/v2\/comments?post=11850"}],"version-history":[{"count":5,"href":"https:\/\/ephesusretreat.com.tr\/de\/wp-json\/wp\/v2\/pages\/11850\/revisions"}],"predecessor-version":[{"id":17961,"href":"https:\/\/ephesusretreat.com.tr\/de\/wp-json\/wp\/v2\/pages\/11850\/revisions\/17961"}],"wp:attachment":[{"href":"https:\/\/ephesusretreat.com.tr\/de\/wp-json\/wp\/v2\/media?parent=11850"}],"curies":[{"name":"wp","href":"https:\/\/api.w.org\/{rel}","templated":true}]}}